{"id":97,"date":"2022-06-21T17:00:57","date_gmt":"2022-06-21T14:00:57","guid":{"rendered":"https:\/\/wp.gumush.com.tr\/?page_id=97"},"modified":"2022-06-22T16:08:43","modified_gmt":"2022-06-22T13:08:43","slug":"icmp","status":"publish","type":"page","link":"https:\/\/www.simmeca.com\/?page_id=97","title":{"rendered":"ICMP"},"content":{"rendered":"<div >\n        <div class=\" plethoraplugins-tabs-container plethoraplugins-tabs-container--horizontal plethoraplugins-theme__minimal plethoraplugins-theme__basic \" \n\t\t\tdata-plethoraplugins-layout=\"horizontal\"  \n\t\t\tdata-plethoraplugins-theme=\"basic\"  \n\t\t\tdata-plethoraplugins-mobile-breakpoint-forced=\"\"\n\t\t\t data-plethoraplugins-responsive=\"accordion\" \n\t\t\t\t\t data-plethoraplugins-responsive-accordion-collapsed-initially=\"false\" data-plethoraplugins-accordion-icon-type=\"\" data-plethoraplugins-accordion-icon=\"true\"  data-plethoraplugins-accordion-icon-size=\"\"  data-plethoraplugins-accordion-heading-level=\"h3\" data-plethoraplugins-accordion-auto-close=\"true\" >\n            <div class=\"plethoraplugins-tabs\"  >\n              <ul><li>\n                        <a \n                                href=\"#icmp_nedir\"\n                                class=\" active\" \n                            >\n                            <span><mark style=\"background-color:rgba(0, 0, 0, 0)\" class=\"has-inline-color has-nv-c-1-color\">ICMP Nedir?<\/mark><\/span>\n                        <\/a>\n                    <\/li><li>\n                        <a \n                                href=\"#arayz\"\n                                class=\"\" \n                            >\n                            <span><mark style=\"background-color:rgba(0, 0, 0, 0)\" class=\"has-inline-color has-nv-c-1-color\">Aray\u00fcz<\/mark><\/span>\n                        <\/a>\n                    <\/li><li>\n                        <a \n                                href=\"#altyap\"\n                                class=\"\" \n                            >\n                            <span><mark style=\"background-color:rgba(0, 0, 0, 0)\" class=\"has-inline-color has-nv-c-1-color\">Altyap\u0131<\/mark><\/span>\n                        <\/a>\n                    <\/li><li>\n                        <a \n                                href=\"#etkileim\"\n                                class=\"\" \n                            >\n                            <span><mark style=\"background-color:rgba(0, 0, 0, 0)\" class=\"has-inline-color has-nv-c-1-color\">Etkile\u015fim<\/mark><\/span>\n                        <\/a>\n                    <\/li><\/ul>\n            <\/div>\n            <div class=\"plethoraplugins-tabs--content\" >\n                \n<div class=\"\"  data-accordion-initially-open=\"false\" >\n\n<figure class=\"wp-block-gallery has-nested-images columns-default is-cropped wp-block-gallery-1 is-layout-flex wp-block-gallery-is-layout-flex\">\n<figure class=\"wp-block-image size-large\"><img loading=\"lazy\" decoding=\"async\" width=\"992\" height=\"607\" data-id=\"219\" src=\"https:\/\/wp.gumush.com.tr\/wp-content\/uploads\/2022\/06\/02-whatisicmp_01.png\" alt=\"\" class=\"wp-image-219\" srcset=\"https:\/\/www.simmeca.com\/wp-content\/uploads\/2022\/06\/02-whatisicmp_01.png 992w, https:\/\/www.simmeca.com\/wp-content\/uploads\/2022\/06\/02-whatisicmp_01-300x184.png 300w, https:\/\/www.simmeca.com\/wp-content\/uploads\/2022\/06\/02-whatisicmp_01-768x470.png 768w\" sizes=\"auto, (max-width: 992px) 100vw, 992px\" \/><\/figure>\n\n\n\n<figure class=\"wp-block-image size-large\"><img loading=\"lazy\" decoding=\"async\" width=\"992\" height=\"566\" data-id=\"220\" src=\"https:\/\/wp.gumush.com.tr\/wp-content\/uploads\/2022\/06\/03-whatisicmp_02.png\" alt=\"\" class=\"wp-image-220\" srcset=\"https:\/\/www.simmeca.com\/wp-content\/uploads\/2022\/06\/03-whatisicmp_02.png 992w, https:\/\/www.simmeca.com\/wp-content\/uploads\/2022\/06\/03-whatisicmp_02-300x171.png 300w, https:\/\/www.simmeca.com\/wp-content\/uploads\/2022\/06\/03-whatisicmp_02-768x438.png 768w\" sizes=\"auto, (max-width: 992px) 100vw, 992px\" \/><\/figure>\n<\/figure>\n\n\n\n<div style=\"height:40px\" aria-hidden=\"true\" class=\"wp-block-spacer\"><\/div>\n\n\n\n<p><mark style=\"background-color:rgba(0, 0, 0, 0)\" class=\"has-inline-color has-neve-text-color-color\">\u0130ntegral hesaplamal\u0131 \u00e7oklu fizik (ICMP), Metacomp&#8217;un sim\u00fclasyon yeteneklerinin toplam\u0131n\u0131n, yaz\u0131l\u0131m paketlerinin \u00e7e\u015fitli alt k\u00fcmelerinin veya bireysel yaz\u0131l\u0131m paketlerinin integre edilme i\u015flemi olarak tan\u0131mlanabilir.<\/mark><\/p>\n\n\n\n<p><mark style=\"background-color:rgba(0, 0, 0, 0)\" class=\"has-inline-color has-neve-text-color-color\">\u00d6rne\u011fin, bir kullan\u0131c\u0131 ICMP Geli\u015fmi\u015f Kullan\u0131c\u0131 Aray\u00fcz\u00fc yard\u0131m\u0131yla \u015funlar\u0131 ger\u00e7ekle\u015ftirebilir:<\/mark><\/p>\n\n\n\n<ul class=\"has-neve-link-color-color has-text-color wp-block-list\"><li>Mesh olu\u015futurucunun (IMIME), hesaplamal\u0131 ak\u0131\u015fkanlar dinami\u011fi \u00e7\u00f6z\u00fcc\u00fcs\u00fcne (ICFD++) entegre edilmesi<\/li><li>Hesaplamal\u0131 ak\u0131\u015fkanlar dinami\u011fi \u00e7\u00f6z\u00fcc\u00fcs\u00fcn\u00fcn (ICFD++), Aeroakustik \u00e7\u00f6z\u00fcc\u00fcye (ICAA++) entegre edilmesi<\/li><li>Mesh olu\u015futurucu (IMIME), hesaplamal\u0131 ak\u0131\u015fkanlar dinami\u011fi \u00e7\u00f6z\u00fcc\u00fcs\u00fc (ICFD++), yap\u0131sal mekanik \u00e7\u00f6z\u00fcc\u00fcs\u00fc (ICSM++) ve ak\u0131\u015fkan-yap\u0131 etkile\u015fimi \u00e7\u00f6z\u00fcc\u00fcs\u00fcn\u00fcn (IMetaFSI) e\u015fzamanl\u0131 entegre edilmesi<\/li><\/ul>\n\n<\/div>\n\n<div class=\"\"  data-accordion-initially-open=\"false\" >\n<div class=\"wp-block-image\">\n<figure class=\"aligncenter size-full is-resized\"><img loading=\"lazy\" decoding=\"async\" src=\"https:\/\/wp.gumush.com.tr\/wp-content\/uploads\/2022\/06\/04-icmp_arayuz.png\" alt=\"\" class=\"wp-image-222\" width=\"489\" height=\"380\" srcset=\"https:\/\/www.simmeca.com\/wp-content\/uploads\/2022\/06\/04-icmp_arayuz.png 1000w, https:\/\/www.simmeca.com\/wp-content\/uploads\/2022\/06\/04-icmp_arayuz-300x234.png 300w, https:\/\/www.simmeca.com\/wp-content\/uploads\/2022\/06\/04-icmp_arayuz-768x598.png 768w\" sizes=\"auto, (max-width: 489px) 100vw, 489px\" \/><\/figure>\n<\/div>\n\n\n<p><mark style=\"background-color:rgba(0, 0, 0, 0)\" class=\"has-inline-color has-neve-text-color-color\">ICMP yeni Geli\u015fmi\u015f Kullan\u0131c\u0131 Aray\u00fcz\u00fcne (AUI) sahiptir. Bu aray\u00fcz, t\u00fcm Metacomp yaz\u0131l\u0131mlar\u0131 i\u00e7in ge\u00e7erlidir ve kullan\u0131c\u0131n\u0131n her bir yaz\u0131l\u0131m\u0131n kapsaml\u0131 yeteneklerine kolayca eri\u015fmesini ve bunlardan yararlanmas\u0131n\u0131 h\u0131zl\u0131 ve verimli bir \u00f6\u011frenme e\u011frisi ile sa\u011flar.<\/mark><\/p>\n\n\n\n<p><mark style=\"background-color:rgba(0, 0, 0, 0)\" class=\"has-inline-color has-neve-text-color-color\">Aray\u00fcz, bilgisayar sihirbaz\u0131 tabanl\u0131d\u0131r ve kurulumu kolayd\u0131r. Kullan\u0131m kolayl\u0131\u011f\u0131 ba\u015flang\u0131\u00e7 seviyesindeki bir \u00f6\u011frenci ya da ileri d\u00fczey bir \u00e7al\u0131\u015fan i\u00e7in farketmeksizin sezgisel, mant\u0131kl\u0131 ve basittir. Mesh olu\u015fturma, CFD, yap\u0131sal analiz ve sonu\u00e7lar\u0131n g\u00f6rselle\u015ftirilmesi gibi bir\u00e7ok g\u00f6rev i\u00e7in sade bir ortam sunar. Kullan\u0131c\u0131, aray\u00fcz yard\u0131m\u0131yla problemi kolayca tan\u0131mlar; ICMP, problemi \u00e7\u00f6zmek i\u00e7in geriye kalan her \u015feyi tamamlar. Bu aray\u00fcz; kenetlenebilir paneller, ki\u015fiselle\u015ftirilebilir \u00f6zellikler ve daha fazlas\u0131yla g\u00fc\u00e7l\u00fc olmas\u0131n\u0131n yan\u0131 s\u0131ra tamamen kullan\u0131c\u0131 dostudur.<\/mark><\/p>\n\n<\/div>\n\n<div class=\"\"  data-accordion-initially-open=\"false\" >\n<div class=\"wp-block-image\">\n<figure class=\"aligncenter size-full\"><img loading=\"lazy\" decoding=\"async\" width=\"460\" height=\"245\" src=\"https:\/\/wp.gumush.com.tr\/wp-content\/uploads\/2022\/06\/05-icmp_altyapi.jpg\" alt=\"\" class=\"wp-image-224\" srcset=\"https:\/\/www.simmeca.com\/wp-content\/uploads\/2022\/06\/05-icmp_altyapi.jpg 460w, https:\/\/www.simmeca.com\/wp-content\/uploads\/2022\/06\/05-icmp_altyapi-300x160.jpg 300w\" sizes=\"auto, (max-width: 460px) 100vw, 460px\" \/><\/figure>\n<\/div>\n\n\n<p><mark style=\"background-color:rgba(0, 0, 0, 0)\" class=\"has-inline-color has-neve-text-color-color\">ICMP\u2019nin geli\u015ftirilmesiyle birlikte, karma\u015f\u0131k ve \u00e7e\u015fitli problem s\u0131n\u0131flar\u0131ndan kompakt ve odaklanm\u0131\u015f s\u0131n\u0131flara kadar \u00f6zel kullan\u0131c\u0131 aray\u00fczlerinin h\u0131zl\u0131 prototiplenmesini sa\u011flayan g\u00fc\u00e7l\u00fc bir altyap\u0131 ortaya \u00e7\u0131kt\u0131.<\/mark><\/p>\n\n\n\n<p><mark style=\"background-color:rgba(0, 0, 0, 0)\" class=\"has-inline-color has-neve-text-color-color\">Ayr\u0131ca, her sim\u00fclasyonla ilgili meta verileri kaydetmek ve bunlara eri\u015fmek i\u00e7in g\u00fc\u00e7l\u00fc bir veritaban\u0131 mimarisi \u00fcretildi. ICMP sim\u00fclasyon oturumlar\u0131n\u0131, yetkili kullan\u0131c\u0131lar taraf\u0131ndan herhangi bir zamanda eri\u015filebilen ve a\u00e7\u0131klama eklenebilen \u00f6zet bilgileri \u015fekinde otomatik olarak depolayabilmektedir.<\/mark><\/p>\n\n<\/div>\n\n<div class=\"\"  data-accordion-initially-open=\"false\" >\n<div class=\"wp-block-image\">\n<figure class=\"aligncenter size-full\"><img loading=\"lazy\" decoding=\"async\" width=\"469\" height=\"275\" src=\"https:\/\/wp.gumush.com.tr\/wp-content\/uploads\/2022\/06\/06-icmp_etkilesim.png\" alt=\"\" class=\"wp-image-226\" srcset=\"https:\/\/www.simmeca.com\/wp-content\/uploads\/2022\/06\/06-icmp_etkilesim.png 469w, https:\/\/www.simmeca.com\/wp-content\/uploads\/2022\/06\/06-icmp_etkilesim-300x176.png 300w\" sizes=\"auto, (max-width: 469px) 100vw, 469px\" \/><\/figure>\n<\/div>\n\n\n<p><mark style=\"background-color:rgba(0, 0, 0, 0)\" class=\"has-inline-color has-neve-text-color-color\">AUI ayr\u0131ca Anywhere User Interface (Herhangi bir yerdeki Kullan\u0131c\u0131 Aray\u00fcz\u00fc) ve Any-device User Interface (Herhangi bir cihazdaki Kullan\u0131c\u0131 Aray\u00fcz\u00fc) anlamlar\u0131na da gelmektedir. Kullan\u0131c\u0131lar, mevcut web taray\u0131c\u0131lar\u0131 arac\u0131l\u0131\u011f\u0131yla diz\u00fcst\u00fc bilgisayarlar, masa\u00fcst\u00fc bilgisayarlar, i\u015f istasyonlar\u0131, ak\u0131ll\u0131 telefonlar ve tabletler dahil olmak \u00fczere herhangi bir cihazdan ICMP yaz\u0131l\u0131m\u0131yla etkile\u015fim kurabilir. Bilgi i\u015flem, veritaban\u0131 ve portal sunucular\u0131 dahil olmak \u00fczere ICMP kaynaklar\u0131 yerel olarak veya uzaktan konu\u015fland\u0131r\u0131labilir ve herhangi bir yerde bulunan kullan\u0131c\u0131larla etkile\u015fime girebilir.<\/mark><\/p>\n\n\n\n<p><mark style=\"background-color:rgba(0, 0, 0, 0)\" class=\"has-inline-color has-neve-text-color-color\">Kullan\u0131c\u0131lar, AUI&#8217;lerde ve portal mimarilerinde yerle\u015fik olarak bulunan ba\u011flant\u0131 altyap\u0131s\u0131 arac\u0131l\u0131\u011f\u0131yla birbirleriyle etkile\u015fime girebilir, bu da yerinde veya yerinde olmayan i\u015f arkada\u015flar\u0131 ve ortaklar aras\u0131nda i\u015fbirli\u011fine, y\u00f6netim taraf\u0131ndan denetime ve Metacomp destek hizmetlerinden etkile\u015fimli yard\u0131ma olanak tan\u0131r. Bu etkile\u015fim, co\u011frafi ve k\u00fcresel olarak yay\u0131lm\u0131\u015f kurulu\u015flar i\u00e7in vazge\u00e7ilmez bir deneyim sunar.<\/mark><\/p>\n\n<\/div>\n\n            <\/div>\n        <\/div>\n    <\/div>","protected":false},"excerpt":{"rendered":"","protected":false},"author":1,"featured_media":36,"parent":0,"menu_order":0,"comment_status":"closed","ping_status":"closed","template":"","meta":{"inline_featured_image":false,"neve_meta_sidebar":"","neve_meta_container":"","neve_meta_enable_content_width":"","neve_meta_content_width":0,"neve_meta_title_alignment":"","neve_meta_author_avatar":"","neve_post_elements_order":"","neve_meta_disable_header":"","neve_meta_disable_footer":"","neve_meta_disable_title":"","_themeisle_gutenberg_block_has_review":false,"_ti_tpc_template_sync":false,"_ti_tpc_template_id":"","footnotes":""},"class_list":["post-97","page","type-page","status-publish","has-post-thumbnail","hentry"],"_links":{"self":[{"href":"https:\/\/www.simmeca.com\/index.php?rest_route=\/wp\/v2\/pages\/97","targetHints":{"allow":["GET"]}}],"collection":[{"href":"https:\/\/www.simmeca.com\/index.php?rest_route=\/wp\/v2\/pages"}],"about":[{"href":"https:\/\/www.simmeca.com\/index.php?rest_route=\/wp\/v2\/types\/page"}],"author":[{"embeddable":true,"href":"https:\/\/www.simmeca.com\/index.php?rest_route=\/wp\/v2\/users\/1"}],"replies":[{"embeddable":true,"href":"https:\/\/www.simmeca.com\/index.php?rest_route=%2Fwp%2Fv2%2Fcomments&post=97"}],"version-history":[{"count":11,"href":"https:\/\/www.simmeca.com\/index.php?rest_route=\/wp\/v2\/pages\/97\/revisions"}],"predecessor-version":[{"id":241,"href":"https:\/\/www.simmeca.com\/index.php?rest_route=\/wp\/v2\/pages\/97\/revisions\/241"}],"wp:featuredmedia":[{"embeddable":true,"href":"https:\/\/www.simmeca.com\/index.php?rest_route=\/wp\/v2\/media\/36"}],"wp:attachment":[{"href":"https:\/\/www.simmeca.com\/index.php?rest_route=%2Fwp%2Fv2%2Fmedia&parent=97"}],"curies":[{"name":"wp","href":"https:\/\/api.w.org\/{rel}","templated":true}]}}