{"id":8,"date":"2022-06-21T13:57:28","date_gmt":"2022-06-21T10:57:28","guid":{"rendered":"https:\/\/wp.gumush.com.tr\/?page_id=8"},"modified":"2023-06-12T15:32:54","modified_gmt":"2023-06-12T12:32:54","slug":"hakkinda","status":"publish","type":"page","link":"https:\/\/www.simmeca.com\/?page_id=8","title":{"rendered":"Hakk\u0131m\u0131zda"},"content":{"rendered":"\n<div class=\"wp-block-cover alignfull\" style=\"min-height:300px;aspect-ratio:unset;\"><span aria-hidden=\"true\" class=\"wp-block-cover__background has-nv-site-bg-background-color has-background-dim-100 has-background-dim\"><\/span><div class=\"wp-block-cover__inner-container is-layout-flow wp-block-cover-is-layout-flow\">\n<div class=\"wp-block-group\"><div class=\"wp-block-group__inner-container is-layout-flow wp-block-group-is-layout-flow\">\n<h1 class=\"wp-block-heading has-text-align-left has-neve-text-color-color has-text-color\">Hakk\u0131m\u0131zda<\/h1>\n<\/div><\/div>\n<\/div><\/div>\n\n\n\n<div class=\"wp-block-cover alignfull\" style=\"min-height:600px;aspect-ratio:unset;\"><span aria-hidden=\"true\" class=\"wp-block-cover__background has-nv-light-bg-background-color has-background-dim-100 has-background-dim\"><\/span><div class=\"wp-block-cover__inner-container is-layout-flow wp-block-cover-is-layout-flow\">\n<div class=\"wp-block-group\"><div class=\"wp-block-group__inner-container is-layout-flow wp-block-group-is-layout-flow\">\n<div style=\"height:80px\" aria-hidden=\"true\" class=\"wp-block-spacer\"><\/div>\n\n\n\n<div class=\"wp-block-columns are-vertically-aligned-center is-layout-flex wp-container-core-columns-is-layout-9d6595d7 wp-block-columns-is-layout-flex\">\n<div class=\"wp-block-column is-vertically-aligned-center is-layout-flow wp-block-column-is-layout-flow\" style=\"flex-basis:50%\">\n<figure class=\"wp-block-image size-large\"><img decoding=\"async\" src=\"https:\/\/www.simmeca.com\/wp-content\/uploads\/2022\/09\/pexels-startup-stock-photos-7070-1024x1024.jpg\" alt=\"\"\/><\/figure>\n<\/div>\n\n\n\n<div class=\"wp-block-column is-vertically-aligned-center is-layout-flow wp-block-column-is-layout-flow\" style=\"flex-basis:50%\">\n<h2 class=\"wp-block-heading has-neve-text-color-color has-text-color\">Simmeca<\/h2>\n\n\n\n<p class=\"has-neve-text-color-color has-text-color has-medium-font-size\">May\u0131s 2011&#8217;de kurulmu\u015f olup,<\/p>\n\n\n\n<ul class=\"wp-block-list\">\n<li><mark style=\"background-color:rgba(0, 0, 0, 0)\" class=\"has-inline-color has-nv-dark-bg-color\">Hesaplamal\u0131 Ak\u0131\u015fkanlar Dinami\u011fi<\/mark><\/li>\n\n\n\n<li><mark style=\"background-color:rgba(0, 0, 0, 0)\" class=\"has-inline-color has-nv-dark-bg-color\">Sonlu Elemanlar Y\u00f6ntemi ile Yap\u0131sal Analiz<\/mark><\/li>\n\n\n\n<li><mark style=\"background-color:rgba(0, 0, 0, 0)\" class=\"has-inline-color has-nv-dark-bg-color\">Farkl\u0131 gereksinimlere uygun tasar\u0131m ve \u00fcretim<\/mark><\/li>\n\n\n\n<li><mark style=\"background-color:rgba(0, 0, 0, 0)\" class=\"has-inline-color has-nv-dark-bg-color\">Farkl\u0131 gereksinimlere uygun yaz\u0131l\u0131m ve program geli\u015ftirme<\/mark><\/li>\n\n\n\n<li><mark style=\"background-color:rgba(0, 0, 0, 0)\" class=\"has-inline-color has-nv-dark-bg-color\">Proje, \u00fcr\u00fcn sat\u0131\u015f\u0131 ve dan\u0131\u015fmanl\u0131k<\/mark><\/li>\n<\/ul>\n\n\n\n<p><mark style=\"background-color:rgba(0, 0, 0, 0)\" class=\"has-inline-color has-nv-dark-bg-color\">hizmetleri vermektedir. Firmam\u0131zda \u00e7al\u0131\u015fan t\u00fcm personelimiz asgari U\u00e7ak ve Uzay Y\u00fcksek M\u00fchendisi olup, havac\u0131l\u0131k ve uzay sanayinde \u00e7al\u0131\u015fm\u0131\u015f deneyimli m\u00fchendislerden olu\u015fmaktad\u0131r.<\/mark><\/p>\n\n\n\n<p><mark style=\"background-color:rgba(0, 0, 0, 0)\" class=\"has-inline-color has-nv-dark-bg-color\">Firmam\u0131z\u0131n amac\u0131, ulusal ve uluslararas\u0131 Ar-Ge merkezlerine hizmet vermek, firma b\u00fcnyesinde geli\u015ftirilen yaz\u0131l\u0131mlar ile Ar-Ge merkezlerinin yaz\u0131l\u0131mda d\u0131\u015fa ba\u011f\u0131ml\u0131l\u0131\u011f\u0131n\u0131 ortadan kald\u0131rmak ve geli\u015ftirilen yaz\u0131l\u0131mlar yoluyla uluslararas\u0131 bir konumda yer almakt\u0131r.<\/mark><\/p>\n\n\n\n<p><mark style=\"background-color:rgba(0, 0, 0, 0)\" class=\"has-inline-color has-nv-dark-bg-color\">Simmeca ailesi olarak m\u00fc\u015fteri memnuniyeti sa\u011flamak ve kaliteli hizmet sunmak amac\u0131yla, \u00e7al\u0131\u015fanlar\u0131m\u0131z distrib\u00fct\u00f6rl\u00fc\u011f\u00fcn\u00fc ve teknik deste\u011fini \u00fcstlendi\u011fimiz \u00fcr\u00fcnlerimizin yurtd\u0131\u015f\u0131nda ger\u00e7ekle\u015ftirilen uygulamal\u0131 e\u011fitimlerini alm\u0131\u015f olup ve tamam\u0131 sertifika sahibidir.<\/mark><\/p>\n<\/div>\n<\/div>\n\n\n\n<div style=\"height:40px\" aria-hidden=\"true\" class=\"wp-block-spacer\"><\/div>\n<\/div><\/div>\n<\/div><\/div>\n\n\n\n<div class=\"wp-block-cover alignfull\" style=\"min-height:600px;aspect-ratio:unset;\"><span aria-hidden=\"true\" class=\"wp-block-cover__background has-nv-dark-bg-background-color has-background-dim-100 has-background-dim\"><\/span><div class=\"wp-block-cover__inner-container is-layout-flow wp-block-cover-is-layout-flow\">\n<div class=\"wp-block-group\"><div class=\"wp-block-group__inner-container is-layout-flow wp-block-group-is-layout-flow\">\n<div style=\"height:80px\" aria-hidden=\"true\" class=\"wp-block-spacer\"><\/div>\n\n\n\n<div class=\"wp-block-columns are-vertically-aligned-center is-layout-flex wp-container-core-columns-is-layout-9d6595d7 wp-block-columns-is-layout-flex\">\n<div class=\"wp-block-column is-vertically-aligned-center is-layout-flow wp-block-column-is-layout-flow\" style=\"flex-basis:50%\">\n<h2 class=\"wp-block-heading has-nv-text-dark-bg-color has-text-color\">G\u00fcvenli \u00e7\u00f6z\u00fcm<\/h2>\n\n\n\n<p class=\"has-nv-text-dark-bg-color has-text-color\">Firmam\u0131z\u0131n teknik ofisi genel merkezden ayr\u0131 olarak \u0130T\u00dc i\u00e7inde konu\u015fland\u0131r\u0131lm\u0131\u015f olup, teknik destek ve proje hizmetlerini \u00fcst d\u00fczey veri g\u00fcvenli\u011fine sahip ofisinde vermektedir. Teknik ofisimizde bulunan 32 i\u015flemci kapasiteli ve Linux i\u015fletim sistemli i\u015f istasyonumuz \u00fcst d\u00fczey g\u00fcvenlik \u00f6nlemleriyle hizmet vermekte olup, her t\u00fcrl\u00fc internet ve veri aktarma biriminden (DVD-Rom, USB vb.) k\u0131s\u0131tlanm\u0131\u015ft\u0131r. Teknik ofis 24 saat g\u00fcvenlik kameras\u0131 ile izlenmekte olup, ofis giri\u015fi ki\u015fiye \u00f6zel \u015fifreli kilit ile g\u00fcvenli hale getirilmi\u015ftir. Ofise giri\u015f ve \u00e7\u0131k\u0131\u015flar kontrol alt\u0131nda tutulmaktad\u0131r ve 24 saat alarm sistemi ile takip edilmektedir. Bahsi ge\u00e7en g\u00fcvenlik \u00f6nlemleri kay\u0131t alt\u0131nda tutulmakta olup m\u00fc\u015fterilerimizce talep edilmesi durumunda kendileri ile payla\u015f\u0131lmaktad\u0131r.<\/p>\n\n\n\n<div style=\"height:20px\" aria-hidden=\"true\" class=\"wp-block-spacer\"><\/div>\n\n\n\n<div class=\"wp-block-buttons is-layout-flex wp-block-buttons-is-layout-flex\">\n<div class=\"wp-block-button is-style-primary\"><a class=\"wp-block-button__link wp-element-button\" href=\"https:\/\/www.simmeca.com\/?pagename=contact\" target=\"_blank\" rel=\"noreferrer noopener\">\u0130rtibata ge\u00e7in<\/a><\/div>\n<\/div>\n\n\n\n<div style=\"height:20px\" aria-hidden=\"true\" class=\"wp-block-spacer\"><\/div>\n<\/div>\n\n\n\n<div class=\"wp-block-column is-vertically-aligned-center is-layout-flow wp-block-column-is-layout-flow\" style=\"flex-basis:50%\">\n<figure class=\"wp-block-image size-large\"><img decoding=\"async\" src=\"https:\/\/www.simmeca.com\/wp-content\/uploads\/2022\/09\/ITUARITeknokent_Gorsel_2-1024x1024.jpg\" alt=\"\"\/><\/figure>\n<\/div>\n<\/div>\n\n\n\n<div style=\"height:40px\" aria-hidden=\"true\" class=\"wp-block-spacer\"><\/div>\n<\/div><\/div>\n<\/div><\/div>\n\n\n\n<div class=\"wp-block-cover alignfull\" style=\"min-height:600px;aspect-ratio:unset;\"><span aria-hidden=\"true\" class=\"wp-block-cover__background has-nv-light-bg-background-color has-background-dim-100 has-background-dim\"><\/span><div class=\"wp-block-cover__inner-container is-layout-flow wp-block-cover-is-layout-flow\">\n<div class=\"wp-block-group\"><div class=\"wp-block-group__inner-container is-layout-flow wp-block-group-is-layout-flow\">\n<div style=\"height:80px\" aria-hidden=\"true\" class=\"wp-block-spacer\"><\/div>\n\n\n\n<div class=\"wp-block-columns are-vertically-aligned-center is-layout-flex wp-container-core-columns-is-layout-9d6595d7 wp-block-columns-is-layout-flex\">\n<div class=\"wp-block-column is-vertically-aligned-center is-layout-flow wp-block-column-is-layout-flow\" style=\"flex-basis:50%\">\n<figure class=\"wp-block-image size-large\"><img decoding=\"async\" src=\"https:\/\/www.simmeca.com\/wp-content\/uploads\/2022\/09\/pexels-cottonbro-5989932-1024x1024.jpg\" alt=\"\"\/><\/figure>\n<\/div>\n\n\n\n<div class=\"wp-block-column is-vertically-aligned-center is-layout-flow wp-block-column-is-layout-flow\" style=\"flex-basis:50%\">\n<h2 class=\"wp-block-heading has-nv-text-dark-bg-color has-text-color\"><mark style=\"background-color:rgba(0, 0, 0, 0)\" class=\"has-inline-color has-neve-text-color-color\">\u0130nsan Kaynaklar\u0131 Politikam\u0131z<\/mark><\/h2>\n\n\n\n<ul class=\"wp-block-list\">\n<li><mark style=\"background-color:rgba(0, 0, 0, 0)\" class=\"has-inline-color has-neve-text-color-color\">\u015eirketimize, e\u011fitim d\u00fczeyi y\u00fcksek, yenilik ve de\u011fi\u015fimlere a\u00e7\u0131k, giri\u015fimci, dinamik, sonu\u00e7 odakl\u0131, kendini ve i\u015fini geli\u015ftirmeyi hedefleyen insanlar kazand\u0131rmay\u0131<\/mark><\/li>\n\n\n\n<li><mark style=\"background-color:rgba(0, 0, 0, 0)\" class=\"has-inline-color has-neve-text-color-color\">\u015eirketin en \u00f6nemli varl\u0131\u011f\u0131 olan \u00e7al\u0131\u015fanlar\u0131n hem bireysel hem de mesleki olarak kendilerini geli\u015ftirebilmeleri i\u00e7in huzurlu ve profesyonel bir \u00e7al\u0131\u015fma ortam\u0131 yaratmay\u0131<\/mark><\/li>\n\n\n\n<li><mark style=\"background-color:rgba(0, 0, 0, 0)\" class=\"has-inline-color has-neve-text-color-color\">\u00c7al\u0131\u015fanlar\u0131n yeteneklerinden ve yarat\u0131c\u0131l\u0131\u011f\u0131ndan azami fayda sa\u011flamay\u0131<\/mark><\/li>\n\n\n\n<li><mark style=\"background-color:rgba(0, 0, 0, 0)\" class=\"has-inline-color has-neve-text-color-color\">Personelimize s\u00fcrekli yat\u0131r\u0131m yaparak, \u00e7al\u0131\u015fan memnuniyetini en \u00fcst noktaya \u00e7\u0131karmay\u0131<\/mark><\/li>\n\n\n\n<li><mark style=\"background-color:rgba(0, 0, 0, 0)\" class=\"has-inline-color has-neve-text-color-color\">Personelin, nitelik ve performanslar\u0131 do\u011frultusunda kariyer yapmalar\u0131na olanak sa\u011flamay\u0131<\/mark><\/li>\n\n\n\n<li><mark style=\"background-color:rgba(0, 0, 0, 0)\" class=\"has-inline-color has-neve-text-color-color\">Gereksinim duyulan kadro i\u00e7in, \u00f6ncelikle kariyer planlamas\u0131 do\u011frultusunda \u015firket b\u00fcnyesindeki \u00e7al\u0131\u015fanlar\u0131 ara\u015ft\u0131rmay\u0131<\/mark><\/li>\n\n\n\n<li><mark style=\"background-color:rgba(0, 0, 0, 0)\" class=\"has-inline-color has-neve-text-color-color\">Personelin \u00fccret sistemi ve sosyal haklar a\u00e7\u0131s\u0131ndan mevcut imkanlar \u00e7er\u00e7evesinde en iyi \u015fekilde tatmin edilmesini sa\u011flayarak, performansa dayal\u0131 adil bir \u00fccret politikas\u0131 uygulamay\u0131 hedeflemektedir.<\/mark><\/li>\n<\/ul>\n\n\n\n<div style=\"height:20px\" aria-hidden=\"true\" class=\"wp-block-spacer\"><\/div>\n\n\n\n<div style=\"height:20px\" aria-hidden=\"true\" class=\"wp-block-spacer\"><\/div>\n<\/div>\n<\/div>\n\n\n\n<div style=\"height:40px\" aria-hidden=\"true\" class=\"wp-block-spacer\"><\/div>\n<\/div><\/div>\n<\/div><\/div>\n\n\n\n<div class=\"wp-block-cover alignfull\" style=\"min-height:600px;aspect-ratio:unset;\"><span aria-hidden=\"true\" class=\"wp-block-cover__background has-nv-dark-bg-background-color has-background-dim-100 has-background-dim\"><\/span><div class=\"wp-block-cover__inner-container is-layout-flow wp-block-cover-is-layout-flow\">\n<div class=\"wp-block-group\"><div class=\"wp-block-group__inner-container is-layout-flow wp-block-group-is-layout-flow\">\n<div style=\"height:80px\" aria-hidden=\"true\" class=\"wp-block-spacer\"><\/div>\n\n\n\n<div class=\"wp-block-columns are-vertically-aligned-center is-layout-flex wp-container-core-columns-is-layout-9d6595d7 wp-block-columns-is-layout-flex\">\n<div class=\"wp-block-column is-vertically-aligned-center is-layout-flow wp-block-column-is-layout-flow\" style=\"flex-basis:50%\">\n<h2 class=\"wp-block-heading has-nv-text-dark-bg-color has-text-color\"><mark style=\"background-color:rgba(0, 0, 0, 0)\" class=\"has-inline-color has-nv-site-bg-color\">KVKK Politikam\u0131z<\/mark><\/h2>\n\n\n\n<p><mark style=\"background-color:rgba(0, 0, 0, 0)\" class=\"has-inline-color has-nv-site-bg-color\">Simmeca olarak, internet sitemizi ziyaret eden, isteklerini g\u00f6nderen, form dolduran ve b\u00fcltenlerimize kaydolan kullan\u0131c\u0131lar\u0131m\u0131za ait birtak\u0131m ki\u015fisel verileri topluyor ve bu verileri ki\u015fisel verilerin korunmas\u0131 ve ilgili di\u011fer mevzuata uygun olarak i\u015fliyoruz. <\/mark><a href=\"https:\/\/www.simmeca.com\/?page_id=569\"><mark style=\"background-color:rgba(0, 0, 0, 0)\" class=\"has-inline-color has-nv-light-bg-color\">Ayd\u0131nlatma metni i\u00e7in t\u0131klay\u0131n.<\/mark><\/a><\/p>\n\n\n\n<div style=\"height:20px\" aria-hidden=\"true\" class=\"wp-block-spacer\"><\/div>\n\n\n\n<div style=\"height:20px\" aria-hidden=\"true\" class=\"wp-block-spacer\"><\/div>\n<\/div>\n\n\n\n<div class=\"wp-block-column is-vertically-aligned-center is-layout-flow wp-block-column-is-layout-flow\" style=\"flex-basis:50%\">\n<figure class=\"wp-block-image size-large\"><img decoding=\"async\" src=\"https:\/\/www.simmeca.com\/wp-content\/uploads\/2022\/10\/istockphoto-1358091848-612x612-1.jpg\" alt=\"\"\/><\/figure>\n<\/div>\n<\/div>\n\n\n\n<div style=\"height:40px\" aria-hidden=\"true\" class=\"wp-block-spacer\"><\/div>\n<\/div><\/div>\n<\/div><\/div>\n","protected":false},"excerpt":{"rendered":"","protected":false},"author":1,"featured_media":0,"parent":0,"menu_order":0,"comment_status":"closed","ping_status":"closed","template":"","meta":{"inline_featured_image":false,"neve_meta_sidebar":"","neve_meta_container":"","neve_meta_enable_content_width":"on","neve_meta_content_width":100,"neve_meta_title_alignment":"","neve_meta_author_avatar":"","neve_post_elements_order":"","neve_meta_disable_header":"","neve_meta_disable_footer":"","neve_meta_disable_title":"on","_themeisle_gutenberg_block_has_review":false,"_ti_tpc_template_sync":false,"_ti_tpc_template_id":"","footnotes":""},"class_list":["post-8","page","type-page","status-publish","hentry"],"_links":{"self":[{"href":"https:\/\/www.simmeca.com\/index.php?rest_route=\/wp\/v2\/pages\/8","targetHints":{"allow":["GET"]}}],"collection":[{"href":"https:\/\/www.simmeca.com\/index.php?rest_route=\/wp\/v2\/pages"}],"about":[{"href":"https:\/\/www.simmeca.com\/index.php?rest_route=\/wp\/v2\/types\/page"}],"author":[{"embeddable":true,"href":"https:\/\/www.simmeca.com\/index.php?rest_route=\/wp\/v2\/users\/1"}],"replies":[{"embeddable":true,"href":"https:\/\/www.simmeca.com\/index.php?rest_route=%2Fwp%2Fv2%2Fcomments&post=8"}],"version-history":[{"count":15,"href":"https:\/\/www.simmeca.com\/index.php?rest_route=\/wp\/v2\/pages\/8\/revisions"}],"predecessor-version":[{"id":614,"href":"https:\/\/www.simmeca.com\/index.php?rest_route=\/wp\/v2\/pages\/8\/revisions\/614"}],"wp:attachment":[{"href":"https:\/\/www.simmeca.com\/index.php?rest_route=%2Fwp%2Fv2%2Fmedia&parent=8"}],"curies":[{"name":"wp","href":"https:\/\/api.w.org\/{rel}","templated":true}]}}