{"id":569,"date":"2022-10-07T10:08:58","date_gmt":"2022-10-07T07:08:58","guid":{"rendered":"https:\/\/wp.gumush.com.tr\/?page_id=569"},"modified":"2023-06-12T12:59:17","modified_gmt":"2023-06-12T09:59:17","slug":"aydinlatma-metni","status":"publish","type":"page","link":"https:\/\/www.simmeca.com\/?page_id=569","title":{"rendered":"Ayd\u0131nlatma Metni"},"content":{"rendered":"\n<p><strong>K\u0130\u015e\u0130SEL VER\u0130LER\u0130N KORUNMASI KANUNU HAKKINDA AYDINLATMA METN\u0130<\/strong><\/p>\n\n\n\n<p><strong>I. Veri Sorumlusunun Kimli\u011fi<\/strong><\/p>\n\n\n\n<p>\u0130\u015fbu Ayd\u0131nlatma Metni, 6698 say\u0131l\u0131 Ki\u015fisel Verilerin Korunmas\u0131 Kanunu\u2019nun (\u201cKVKK\u201d) \u201cVeri Sorumlusunun Ayd\u0131nlatma Y\u00fck\u00fcml\u00fcl\u00fc\u011f\u00fc\u201d ba\u015fl\u0131kl\u0131 10. Maddesi ile Ayd\u0131nlatma Y\u00fck\u00fcml\u00fcl\u00fc\u011f\u00fcn\u00fcn Yerine Getirilmesinde Uyulacak Usul ve Esaslar Hakk\u0131nda Tebli\u011f uyar\u0131nca, veri sorumlusu s\u0131fat\u0131yla Simmeca A.\u015e. (\u015eirket) taraf\u0131ndan haz\u0131rlanm\u0131\u015ft\u0131r. Veri Sorumlusu s\u0131fat\u0131yla haz\u0131rlad\u0131\u011f\u0131m\u0131z i\u015fbu \u201cBilgilendirme\u201d yaz\u0131s\u0131 ile sizlere hangi ama\u00e7la ki\u015fisel verilerinizin i\u015flenece\u011fi, i\u015flenen ki\u015fisel verilerinizin kimlere ve hangi ama\u00e7la aktar\u0131labilece\u011fi, ki\u015fisel verilerinizin toplanmas\u0131n\u0131n y\u00f6ntemi ve hukuki sebebi ve KVKK\u2019n\u0131n 11. maddesinde say\u0131lan di\u011fer haklar\u0131n\u0131zla ilgili olarak bilgi vermek isteriz.<\/p>\n\n\n\n<p>Veri Sorumlusu s\u0131fat\u0131yla, ki\u015fisel verilerinizi a\u015fa\u011f\u0131da izah etmi\u015f oldu\u011fumuz \u015fekilde ve resmi mevzuat s\u0131n\u0131rlar\u0131 \u00e7er\u00e7evesinde i\u015flemekte, kaydetmekte, aktarmakta, payla\u015fmakta ve saklamaktay\u0131z.<\/p>\n\n\n\n<p>\u015eirketimiz, i\u015fbu \u201cKi\u015fisel Verilerin Korunmas\u0131 Hakk\u0131nda Ayd\u0131nlatma Metni\u2019ni y\u00fcr\u00fcrl\u00fckteki resmi mevzuatta yap\u0131labilecek de\u011fi\u015fiklikler \u00e7er\u00e7evesinde her zaman g\u00fcncelleme hakk\u0131n\u0131 sakl\u0131 tutar.<\/p>\n\n\n\n<p>Simmeca A.\u015e.<\/p>\n\n\n\n<p>Adres: Maslak, \u0130T\u00dc ARI TEKNOKENT 3, 34469 Sar\u0131yer\/\u0130stanbul<\/p>\n\n\n\n<p>Telefon: +90 212 318 0166<\/p>\n\n\n\n<p>E-Posta: info@simmeca.com<\/p>\n\n\n\n<p><strong>II. Ki\u015fisel Verilerin Korunmas\u0131 ve \u0130\u015flenmesi Politikas\u0131n\u0131n Amac\u0131:<\/strong><\/p>\n\n\n\n<p>\u015eirket Esas S\u00f6zle\u015fmesinde detayl\u0131 olarak belirtilen alanlarda faaliyet g\u00f6steren \u015firketimiz taraf\u0131ndan, gerek ilgili kurumlar\u0131n d\u00fczenlemeleri gerekse akdetti\u011fimiz s\u00f6zle\u015fmeler nedeniyle s\u00f6zl\u00fc, yaz\u0131l\u0131 ya da elektronik ki\u015fisel verileriniz toplanmakta ve i\u015flenmektedir. Bu ki\u015fisel verileriniz, \u015firketimizin faaliyet konular\u0131 ile ilgili hizmetleri sunabilmek ve bu hizmetlerin kalitesini artt\u0131rabilmek, \u015firketimizin sat\u0131\u015f, pazarlama ve sair faaliyetlerini yerine getirebilmek, bilgi saklama, raporlama, bilgilendirme y\u00fck\u00fcml\u00fcl\u00fcklerine uymak amac\u0131yla kullan\u0131lacakt\u0131r.<\/p>\n\n\n\n<p>Ki\u015fisel verileriniz, a\u00e7\u0131k r\u0131zan\u0131z bulunmadan yukar\u0131da belirtilen ama\u00e7lar d\u0131\u015f\u0131nda kullan\u0131lmayacak olup, yasal y\u00fck\u00fcml\u00fcl\u00fckler ve resmi kurum\/kurulu\u015flar haricinde \u00fc\u00e7\u00fcnc\u00fc \u015fah\u0131slarla payla\u015f\u0131lmayacak ya da aktar\u0131lmayacakt\u0131r.<\/p>\n\n\n\n<p>\u015eirketimiz, s\u00f6z konusu ki\u015fisel verilerinizi sadece; m\u00fc\u015fterilerin a\u00e7\u0131k r\u0131zas\u0131na istinaden veya tabi oldu\u011fumuz mevzuat ba\u015fta olmak \u00fczere KVKK md. 5\/f.2\u2019de \u00f6ng\u00f6r\u00fclen di\u011fer hallerde, siz m\u00fc\u015fterilerimize katma de\u011ferli hizmetler, f\u0131rsat ve olanaklar sunulmas\u0131 ve hizmet kalitesinin art\u0131r\u0131lmas\u0131 amac\u0131yla, yurt i\u00e7inde ya da yurt d\u0131\u015f\u0131ndaki i\u015ftiraklerimizle ve do\u011frudan veya dolayl\u0131 ba\u011fl\u0131 \u015firketlerimizle ve ortak giri\u015fimlerimizle veya yasal bir zorunluluk gere\u011fi bu verileri talep etmeye yetkili olan kamu kurum veya kurulu\u015flar\u0131 ile ve yeterli \u00f6nlemler al\u0131nmak kayd\u0131yla, faaliyetlerimiz gere\u011fi anla\u015fmal\u0131 oldu\u011fumuz yurt i\u00e7inde ya da yurt d\u0131\u015f\u0131ndaki kurumlar, tedarik\u00e7iler, yetkili sat\u0131c\u0131lar\/bayiiler\/i\u015f ortaklar\u0131m\u0131z ile payla\u015fabilecektir.<\/p>\n\n\n\n<p>Yukar\u0131da bahsi ge\u00e7en ama\u00e7lar ba\u015fta olmak \u00fczere, a\u015fa\u011f\u0131da yer verilen ama\u00e7larla do\u011fru orant\u0131l\u0131 olarak; Kanun\u2019un 4., 5. ve 6. maddelerinde belirtilen ki\u015fisel veri i\u015fleme \u015fartlar\u0131 d\u00e2hilinde i\u015flenebilecektir:<\/p>\n\n\n\n<ul class=\"wp-block-list\">\n<li>Acil Durum Y\u00f6netimi S\u00fcre\u00e7lerinin Y\u00fcr\u00fct\u00fclmesi<\/li>\n\n\n\n<li>Bilgi G\u00fcvenli\u011fi S\u00fcre\u00e7lerinin Y\u00fcr\u00fct\u00fclmesi<\/li>\n\n\n\n<li>\u00c7al\u0131\u015fan Aday\u0131\/Stajyer\/\u00d6\u011frenci Se\u00e7me ve Yerle\u015ftirme S\u00fcre\u00e7lerinin Y\u00fcr\u00fct\u00fclmesi<\/li>\n\n\n\n<li>\u00c7al\u0131\u015fan Adaylar\u0131n\u0131n Ba\u015fvuru S\u00fcre\u00e7lerinin Y\u00fcr\u00fct\u00fclmesi<\/li>\n\n\n\n<li>\u00c7al\u0131\u015fanlar i\u00e7in \u0130\u015f Akdi ve Mevzuattan Kaynakl\u0131 Y\u00fck\u00fcml\u00fcl\u00fcklerinin Yerine Getirilmesi<\/li>\n\n\n\n<li>\u00c7al\u0131\u015fan Memnuniyeti ve Ba\u011fl\u0131l\u0131\u011f\u0131 S\u00fcre\u00e7lerinin Y\u00fcr\u00fct\u00fclmesi<\/li>\n\n\n\n<li>Denetim\/Etik Faaliyetlerinin Y\u00fcr\u00fct\u00fclmesi<\/li>\n\n\n\n<li>E\u011fitim Faaliyetlerinin Y\u00fcr\u00fct\u00fclmesi<\/li>\n\n\n\n<li>Faaliyetlerin Mevzuata Uygun Y\u00fcr\u00fct\u00fclmesi<\/li>\n\n\n\n<li>Finans ve Muhasebe \u0130\u015flerinin Y\u00fcr\u00fct\u00fclmesi<\/li>\n\n\n\n<li>Fiziksel Mekan G\u00fcvenli\u011finin Temini<\/li>\n\n\n\n<li>Hukuk \u0130\u015flerinin Takibi ve Y\u00fcr\u00fct\u00fclmesi<\/li>\n\n\n\n<li>\u0130leti\u015fim Faaliyetlerin Y\u00fcr\u00fct\u00fclmesi<\/li>\n\n\n\n<li>\u0130nsan Kaynaklar\u0131 S\u00fcre\u00e7lerinin Y\u00fcr\u00fct\u00fclmesi<\/li>\n\n\n\n<li>\u0130\u015f Faaliyetlerinin Y\u00fcr\u00fct\u00fclmesi\/Denetimi<\/li>\n\n\n\n<li>\u0130\u015f S\u00fcreklili\u011finin Sa\u011flanmas\u0131 Faaliyetlerin Y\u00fcr\u00fct\u00fclmesi<\/li>\n\n\n\n<li>Mal\/Hizmet Sat\u0131n Al\u0131m S\u00fcre\u00e7lerinin Y\u00fcr\u00fct\u00fclmesi<\/li>\n\n\n\n<li>Mal\/Hizmet Sat\u0131\u015f Sonras\u0131 Destek S\u00fcre\u00e7lerinin Y\u00fcr\u00fct\u00fclmesi<\/li>\n\n\n\n<li>Mal\/Hizmet Sat\u0131\u015f S\u00fcre\u00e7lerinin Y\u00fcr\u00fct\u00fclmesi<\/li>\n\n\n\n<li>Organizasyon ve Etkinlik Y\u00f6netimi<\/li>\n\n\n\n<li>Pazarlama Analiz \u00c7al\u0131\u015fmalar\u0131n\u0131n Y\u00fcr\u00fct\u00fclmesi<\/li>\n\n\n\n<li>Performans De\u011ferlendirme S\u00fcre\u00e7lerinin Y\u00fcr\u00fct\u00fclmesi<\/li>\n\n\n\n<li>Reklam\/Kampanya\/Promosyon S\u00fcre\u00e7lerinin Y\u00fcr\u00fct\u00fclmesi<\/li>\n\n\n\n<li>Saklama ve Ar\u015fiv S\u00fcre\u00e7lerinin Y\u00fcr\u00fct\u00fclmesi<\/li>\n\n\n\n<li>S\u00f6zle\u015fme S\u00fcre\u00e7lerinin Y\u00fcr\u00fct\u00fclmesi<\/li>\n\n\n\n<li>Tedarik Zinciri Y\u00f6netimi S\u00fcre\u00e7lerinin Y\u00fcr\u00fct\u00fclmesi<\/li>\n\n\n\n<li>Yetkili Ki\u015fi, Kurum ve Kurulu\u015flara Bilgi Verilmesi<\/li>\n\n\n\n<li>Y\u00f6netim Faaliyetlerinin Y\u00fcr\u00fct\u00fclmesi<\/li>\n\n\n\n<li>Ziyaret\u00e7i Kay\u0131tlar\u0131n\u0131n Olu\u015fturulmas\u0131 ve Takibi<\/li>\n<\/ul>\n\n\n\n<p><strong>III. Ki\u015fisel Verileri Toplama Y\u00f6ntemleri ve Hukuki Sebepleri<\/strong><\/p>\n\n\n\n<p>Simmeca A.\u015e., ki\u015fisel verileri, \u015firket web adresi, mobil uygulamalar, sosyal medya hesaplar\u0131, email adresi gibi elektronik\/dijital ortamlardan do\u011frudan m\u00fc\u015fterilerden, hizmetlerin do\u011fru kullan\u0131m\u0131 ve m\u00fc\u015fterinin ihtiya\u00e7lar\u0131 uyar\u0131nca hizmetlerde gerekli iyile\u015ftirmelerin ger\u00e7ekle\u015ftirilmesi i\u00e7in m\u00fc\u015fteri taraf\u0131ndan ve m\u00fc\u015fterinin yararlanmakta oldu\u011fu hizmetlerden, potansiyel m\u00fc\u015fteri adaylar\u0131n\u0131n kendilerinden; \u015eirketimizin hizmetlerinin m\u00fc\u015fterilerimiz taraf\u0131ndan kullan\u0131lmas\u0131n\u0131 sa\u011flayacak olan \u00e7\u00f6z\u00fcm ortaklar\u0131m\u0131z, di\u011fer i\u015f ortaklar\u0131m\u0131z vas\u0131tas\u0131yla; fax, idari ve adli makamlardan gelen tebligatlar ve sair ileti\u015fim kanallar\u0131 arac\u0131l\u0131\u011f\u0131yla i\u015fitsel, elektronik veya yaz\u0131l\u0131 olarak \u00f6\u011frenilen verileri, Kanun\u2019un 5. ve 6. Maddelerinde belirtilen a\u015fa\u011f\u0131daki hukuki sebepler do\u011frultusunda toplamaktad\u0131r:<\/p>\n\n\n\n<ul class=\"wp-block-list\">\n<li>Gerekli oldu\u011fu durumlarda sizlerden ald\u0131\u011f\u0131m\u0131z a\u00e7\u0131k r\u0131zan\u0131z (\u00f6r: \u00fcr\u00fcn ve\/veya hizmetler ile ilgili pazarlama, tan\u0131t\u0131m, de\u011fi\u015fiklik ve bak\u0131m hizmetlerinin amac\u0131yla ileti\u015fime ge\u00e7ilmesi)<\/li>\n\n\n\n<li>Kanunlarda ki\u015fisel verilerinizi i\u015fledi\u011fimiz s\u00fcrecin a\u00e7\u0131k\u00e7a \u00f6ng\u00f6r\u00fclmesi (\u00f6r: \u00fcr\u00fcn ve\/veya hizmet faturalar\u0131nda yer alan bilgilerin i\u015flenmesi vb. durumlar)<\/li>\n\n\n\n<li>Sizlerle bir s\u00f6zle\u015fme ili\u015fkisi kurmam\u0131z veya bu s\u00f6zle\u015fmeden kaynaklanan ifa y\u00fck\u00fcml\u00fcl\u00fc\u011f\u00fcm\u00fcz ile do\u011frudan do\u011fruya ilgili olmas\u0131 kayd\u0131yla, sizlere ait ki\u015fisel verilerin islenmesinin gerekli olmas\u0131<\/li>\n\n\n\n<li>Hukuki y\u00fck\u00fcml\u00fcl\u00fc\u011f\u00fcm\u00fcz\u00fc yerine getirebilmek i\u00e7in zorunlu olan durumlar<\/li>\n\n\n\n<li>Sizlerin ki\u015fisel verilerinizi payla\u015fman\u0131z (\u00f6r: talep ve \u015fikayetleriniz ile ilgili \u015firketimiz ile ileti\u015fime ge\u00e7meniz vb. durumlar)<\/li>\n\n\n\n<li>Sizlerin temel hak ve \u00f6zg\u00fcrl\u00fcklerinize zarar vermemek kayd\u0131yla, sizlerin verilerini i\u015flememizin zorunlu olu\u015fu (\u00f6r: herhangi bir hukuki ihtilaf ile kar\u015f\u0131la\u015f\u0131lmas\u0131 ihtimali dahilinde verilerinizin dava zamana\u015f\u0131m\u0131 s\u00fcrelerince taraf\u0131m\u0131zca muhafaza edilmesi)<\/li>\n\n\n\n<li>Hizmet kalitesini artt\u0131rmak amac\u0131 ile m\u00fc\u015fteri memnuniyetini sa\u011flamak i\u00e7in ki\u015fisel verilerinizin al\u0131n\u0131yor olmas\u0131<\/li>\n<\/ul>\n\n\n\n<p><strong>IV. \u00d6zel Nitelikli Ki\u015fisel Verilerin \u0130\u015flenmesi<\/strong><\/p>\n\n\n\n<p>Ki\u015fisel Veri Koruma Kanun\u2019a g\u00f6re ki\u015filerin \u0131rk\u0131, etnik k\u00f6keni, siyasi d\u00fc\u015f\u00fcncesi, felsefi inanc\u0131, dini, mezhebi veya di\u011fer inan\u00e7lar\u0131, k\u0131l\u0131k ve k\u0131yafeti, dernek, vak\u0131f ya da sendika \u00fcyeli\u011fi, sa\u011fl\u0131\u011f\u0131, cinsel hayat\u0131, ceza mahk\u00fbmiyeti ve g\u00fcvenlik tedbirleriyle ilgili verileri ile biyometrik ve genetik verileri \u00f6zel nitelikli ki\u015fisel veridir. \u015eirketimiz, \u00f6zel nitelikli ki\u015fisel verilerin i\u015flenmesinde, ayr\u0131ca Ki\u015fisel Verilerin Korunmas\u0131 Kurulu taraf\u0131ndan belirlenen \u00f6nlemleri yeterli d\u00fczeyde al\u0131r. \u015eirketimiz, daha iyi hizmet verebilmesi i\u00e7in ki\u015filerin \u00f6zel nitelikli verilerini ancak ilgili ki\u015fiden r\u0131za alarak ve sadece toplama amac\u0131na hizmet etmesi i\u00e7in i\u015fleyecektir.<\/p>\n\n\n\n<p><strong>V. \u0130\u015flenen Ki\u015fisel Verilerin Kimlere ve Hangi Ama\u00e7la Aktar\u0131labilece\u011fi<\/strong><\/p>\n\n\n\n<p>Simmeca A.\u015e. taraf\u0131ndan toplanan ki\u015fisel verileriniz; Ayd\u0131nlatma Metni\u2019nin II. Maddesinde belirtilen ama\u00e7lar\u0131n ger\u00e7ekle\u015ftirilmesi do\u011frultusunda ve bu ama\u00e7lar\u0131n yerine getirilmesi ile s\u0131n\u0131rl\u0131 olarak; yurt i\u00e7inde ve\/veya yurt d\u0131\u015f\u0131nda yerle\u015fik \u0130\u015f\/\u00c7\u00f6z\u00fcm Ortaklar\u0131m\u0131za, \u015eirket yetkililerimize, Tedarik\u00e7ilerimize, kanunen yetkili kamu\/\u00f6zel kurumlar\u0131na ve \u00f6zel ki\u015fi veya kurulu\u015flar ile \u00fc\u00e7\u00fcnc\u00fc ki\u015filere Kanun\u2019un 8. ve 9. maddelerinde belirtilen ki\u015fisel veri i\u015fleme \u015fartlar\u0131 ve yukar\u0131da belirtilen ama\u00e7larla s\u0131n\u0131rl\u0131 olarak aktar\u0131labilecek, yurti\u00e7inde veya yurtd\u0131\u015f\u0131nda i\u015flenebilecektir.<\/p>\n\n\n\n<p><strong>VI. Ki\u015fisel Veri Sahibinin KVK Kanunu\u2019nun 11. Maddesinde Say\u0131lan Haklar\u0131<\/strong><\/p>\n\n\n\n<p>Bu kapsamda ki\u015fisel veri sahipleri;<\/p>\n\n\n\n<ul class=\"wp-block-list\">\n<li>Ki\u015fisel veri i\u015flenip i\u015flenmedi\u011fini \u00f6\u011frenme,<\/li>\n\n\n\n<li>Ki\u015fisel verileri i\u015flenmi\u015fse buna ili\u015fkin bilgi talep etme,<\/li>\n\n\n\n<li>Ki\u015fisel verilerin i\u015flenme amac\u0131n\u0131 ve bunlar\u0131n amac\u0131na uygun kullan\u0131l\u0131p kullan\u0131lmad\u0131\u011f\u0131n\u0131 \u00f6\u011frenme,<\/li>\n\n\n\n<li>Yurt i\u00e7inde veya yurt d\u0131\u015f\u0131nda ki\u015fisel verilerin aktar\u0131ld\u0131\u011f\u0131 \u00fc\u00e7\u00fcnc\u00fc ki\u015fileri bilme,<\/li>\n\n\n\n<li>Ki\u015fisel verilerin eksik veya yanl\u0131\u015f i\u015flenmi\u015f olmas\u0131 h\u00e2linde bunlar\u0131n d\u00fczeltilmesini isteme,<\/li>\n\n\n\n<li>KVK Kanunu 7. maddede \u00f6ng\u00f6r\u00fclen \u015fartlar \u00e7er\u00e7evesinde ki\u015fisel verilerin silinmesini veya yok edilmesini isteme,<\/li>\n\n\n\n<li>KVK Kanunu 7. maddede (d) ve (e) bentleri uyar\u0131nca yap\u0131lan i\u015flemlerin, ki\u015fisel verilerin aktar\u0131ld\u0131\u011f\u0131 \u00fc\u00e7\u00fcnc\u00fc ki\u015filere bildirilmesini isteme,<\/li>\n\n\n\n<li>\u0130\u015flenen verilerin m\u00fcnhas\u0131ran otomatik sistemler vas\u0131tas\u0131yla analiz edilmesi suretiyle ki\u015finin kendisi aleyhine bir sonucun ortaya \u00e7\u0131kmas\u0131na itiraz etme,<\/li>\n\n\n\n<li>Ki\u015fisel verilerin kanuna ayk\u0131r\u0131 olarak i\u015flenmesi sebebiyle zarara u\u011framas\u0131 h\u00e2linde zarar\u0131n giderilmesini talep etme haklar\u0131na sahiptir.<\/li>\n<\/ul>\n\n\n\n<p><strong>VII. Ki\u015fisel Verileriniz \u0130\u015flenece\u011fi S\u00fcreler<\/strong><\/p>\n\n\n\n<p>KVK Kanununa uygun olarak, i\u015fbu \u201cKi\u015fisel Verilerin \u0130\u015flenmesine \u0130li\u015fkin Ayd\u0131nlatma Metni\u2019nde belirtilen ama\u00e7larla i\u015flenmi\u015f olan ki\u015fisel verileriniz, KVK Kanunu madde 7\/f.1.\u2019e g\u00f6re i\u015flenmesi gerektiren ama\u00e7 ortadan kalkt\u0131\u011f\u0131nda ve\/veya mevzuat uyar\u0131nca verilerinizi i\u015flememiz i\u00e7in zorunlu k\u0131l\u0131nd\u0131\u011f\u0131m\u0131z zaman a\u015f\u0131m\u0131 s\u00fcreleri doldu\u011funda, ki\u015fisel verileriniz taraf\u0131m\u0131zca silinecek, yok edilecek veya anonimle\u015ftirerek kullan\u0131lmaya devam edilecektir.<\/p>\n\n\n\n<p><strong>VIII. \u015eirketimizin Ki\u015fisel Verilerinizi Kanunlar Gere\u011fi A\u00e7\u0131k R\u0131zan\u0131z Olmaks\u0131z\u0131n \u0130\u015fleyebilece\u011fi Durumlar<\/strong><\/p>\n\n\n\n<p>KVKK\u2019n\u0131n 5. maddesi uyar\u0131nca, a\u015fa\u011f\u0131daki hallerde \u015eirketimiz, a\u00e7\u0131k r\u0131zan\u0131z aranmaks\u0131z\u0131n yukar\u0131da belirtilen ve kanuna uygun olarak alm\u0131\u015f oldu\u011fu ki\u015fisel verilerinizi i\u015fleyebilir:<\/p>\n\n\n\n<p>Kanunlarda a\u00e7\u0131k\u00e7a \u00f6ng\u00f6r\u00fcld\u00fc\u011f\u00fc haller;<\/p>\n\n\n\n<ul class=\"wp-block-list\">\n<li>Fiili imk\u00e2ns\u0131zl\u0131k nedeniyle veri sahibi olarak r\u0131zan\u0131z\u0131 a\u00e7\u0131klayamayacak durumda olman\u0131z veya r\u0131zan\u0131za hukuki ge\u00e7erlilik tan\u0131nmayan hallerde kendinizin ya da bir ba\u015fkas\u0131n\u0131n hayat\u0131 veya beden b\u00fct\u00fcnl\u00fc\u011f\u00fcn\u00fcn korunmas\u0131 i\u00e7in ki\u015fisel verinizin i\u015flenmesinin zorunlu olmas\u0131,<\/li>\n\n\n\n<li>\u015eirketimiz ve ili\u015fkili \u015firketleri\/kurulu\u015flar\u0131, Ayd\u0131nlatma Metni\u2019nin III. Maddesinde belirtilen di\u011fer ger\u00e7ek ve\/veya t\u00fczel ki\u015filer ile akdetti\u011finiz bir s\u00f6zle\u015fmenin kurulmas\u0131 veya ifas\u0131yla do\u011frudan do\u011fruya ilgili olmas\u0131 kayd\u0131yla, s\u00f6zle\u015fmenin taraflar\u0131na ait ki\u015fisel verilerin i\u015flenmesinin gerekli olmas\u0131,<\/li>\n\n\n\n<li>\u015eirketimizin bir hukuki y\u00fck\u00fcml\u00fcl\u00fc\u011f\u00fcn\u00fc yerine getirebilmesi i\u00e7in zorunlu olmas\u0131,<\/li>\n\n\n\n<li>Ki\u015fisel verinizin taraf\u0131n\u0131zca alenile\u015ftirilmi\u015f olmas\u0131,<\/li>\n\n\n\n<li>Bir hakk\u0131n tesisi, kullan\u0131lmas\u0131 veya korunmas\u0131 i\u00e7in veri i\u015flemenin zorunlu olmas\u0131,<\/li>\n\n\n\n<li>Sahip oldu\u011funuz temel hak ve \u00f6zg\u00fcrl\u00fcklerinize zarar vermemek kayd\u0131yla, \u015eirketimizin me\u015fru menfaatleri i\u00e7in veri i\u015flenmesinin zorunlu olmas\u0131.<\/li>\n<\/ul>\n\n\n\n<p><strong>IX. Ki\u015fisel Verilerin Korunmas\u0131 Kanunu Uyar\u0131nca Talepte Bulunmak \u0130\u00e7in:<\/strong><\/p>\n\n\n\n<p>KVK Kanunu\u2019nun 13. maddesinin 1. f\u0131kras\u0131 gere\u011fince, yukar\u0131da belirtilen haklar\u0131n\u0131z\u0131 kullanmakla ilgili talebinizi yaz\u0131l\u0131 olarak veya Ki\u015fisel Verileri Koruma Kurulu\u2019nun belirledi\u011fi\/belirleyece\u011fi y\u00f6ntem(ler)le \u015eirketimize iletebilirsiniz.<\/p>\n\n\n\n<p>Yaz\u0131l\u0131 olarak yap\u0131lacak olunan ba\u015fvurular,\u00a0<a href=\"https:\/\/www.simmeca.com\/wp-content\/uploads\/2022\/10\/KVKK-Basvuru-Formu.docx\">\u201cVerisi \u0130\u015flenen \u0130lgili Ki\u015filer \u0130\u00e7in Ba\u015fvuru Formu\u201d<\/a>\u00a0\u2019nun doldurulmas\u0131 suretiyle<\/p>\n\n\n\n<ul class=\"wp-block-list\">\n<li>Ba\u015fvuru sahibinin \u015fahsen ba\u015fvurusu ile,<\/li>\n\n\n\n<li>Noter vas\u0131tas\u0131yla,<\/li>\n\n\n\n<li>Ba\u015fvuru Sahibince&nbsp;<a href=\"mailto:info@simmeca.com\">info@simmeca.com<\/a>&nbsp;e-posta adresine g\u00f6nderilmek suretiyle, taraf\u0131m\u0131za iletilebilecektir.<\/li>\n<\/ul>\n\n\n\n<p>Ki\u015fisel verileriniz ile ilgili konularda sadece&nbsp;<a href=\"mailto:info@simmeca.com\">info@simmeca.com<\/a>&nbsp;e-posta adresinin kullan\u0131lmas\u0131 gerekmekte olup, bu adres d\u0131\u015f\u0131ndaki kanallardan gelen talep ve bildirimler de\u011ferlendirmeye al\u0131nmayacakt\u0131r.<\/p>\n\n\n\n<p>Ki\u015fisel verilere ili\u015fkin haklar yaln\u0131zca ki\u015filerin kendilerine ait veriler hakk\u0131nda kullan\u0131labilecektir. Formu dolduran ve ekinde kimli\u011finizi tespit edici resmi belgeler bulunan ki\u015finin kendisi d\u0131\u015f\u0131ndaki ki\u015filerin verilerine ili\u015fkin talepler dikkate al\u0131nmayacakt\u0131r. Kimli\u011finizi tespit edici resmi belgeler eklenmeyen formlar dikkate al\u0131nmayacakt\u0131r. Veri silme talepleri yerine getirildi\u011finde dahi resmi makamlar taraf\u0131ndan talep edildi\u011fi takdirde verileri resmi makamlarla payla\u015fmakla y\u00fck\u00fcml\u00fc oldu\u011fumuzu bilgilerinize sunar\u0131z.<\/p>\n\n\n\n<p>Belirtilen y\u00f6ntemlerle taleplerinizi bize iletmeniz durumunda, \u015eirket talebinizin niteli\u011fine g\u00f6re talebi en k\u0131sa s\u00fcrede ve en ge\u00e7 otuz g\u00fcn i\u00e7inde \u00fccretsiz olarak sonu\u00e7land\u0131racakt\u0131r. Ancak, i\u015flemin ayr\u0131ca bir maliyeti gerektirmesi h\u00e2linde, \u015eirket taraf\u0131ndan Ki\u015fisel Verileri Koruma Kurulunca belirlenen tarifedeki \u00fccret al\u0131nacakt\u0131r.&nbsp;<\/p>\n\n\n\n<p><\/p>\n","protected":false},"excerpt":{"rendered":"<p>K\u0130\u015e\u0130SEL VER\u0130LER\u0130N KORUNMASI KANUNU HAKKINDA AYDINLATMA METN\u0130 I. Veri Sorumlusunun Kimli\u011fi \u0130\u015fbu Ayd\u0131nlatma Metni, 6698 say\u0131l\u0131 Ki\u015fisel Verilerin Korunmas\u0131 Kanunu\u2019nun (\u201cKVKK\u201d) \u201cVeri Sorumlusunun Ayd\u0131nlatma Y\u00fck\u00fcml\u00fcl\u00fc\u011f\u00fc\u201d ba\u015fl\u0131kl\u0131 10. Maddesi ile Ayd\u0131nlatma Y\u00fck\u00fcml\u00fcl\u00fc\u011f\u00fcn\u00fcn Yerine Getirilmesinde Uyulacak Usul ve Esaslar Hakk\u0131nda Tebli\u011f uyar\u0131nca, veri sorumlusu s\u0131fat\u0131yla Simmeca A.\u015e. (\u015eirket) taraf\u0131ndan haz\u0131rlanm\u0131\u015ft\u0131r. Veri Sorumlusu s\u0131fat\u0131yla haz\u0131rlad\u0131\u011f\u0131m\u0131z i\u015fbu \u201cBilgilendirme\u201d yaz\u0131s\u0131&hellip;&nbsp;<a href=\"https:\/\/www.simmeca.com\/?page_id=569\" class=\"\" rel=\"bookmark\">Daha fazlas\u0131n\u0131 oku &raquo;<span class=\"screen-reader-text\">Ayd\u0131nlatma Metni<\/span><\/a><\/p>\n","protected":false},"author":1,"featured_media":0,"parent":0,"menu_order":0,"comment_status":"closed","ping_status":"closed","template":"","meta":{"inline_featured_image":false,"neve_meta_sidebar":"","neve_meta_container":"","neve_meta_enable_content_width":"","neve_meta_content_width":0,"neve_meta_title_alignment":"","neve_meta_author_avatar":"","neve_post_elements_order":"","neve_meta_disable_header":"","neve_meta_disable_footer":"","neve_meta_disable_title":"","_themeisle_gutenberg_block_has_review":false,"_ti_tpc_template_sync":false,"_ti_tpc_template_id":"","footnotes":""},"class_list":["post-569","page","type-page","status-publish","hentry"],"_links":{"self":[{"href":"https:\/\/www.simmeca.com\/index.php?rest_route=\/wp\/v2\/pages\/569","targetHints":{"allow":["GET"]}}],"collection":[{"href":"https:\/\/www.simmeca.com\/index.php?rest_route=\/wp\/v2\/pages"}],"about":[{"href":"https:\/\/www.simmeca.com\/index.php?rest_route=\/wp\/v2\/types\/page"}],"author":[{"embeddable":true,"href":"https:\/\/www.simmeca.com\/index.php?rest_route=\/wp\/v2\/users\/1"}],"replies":[{"embeddable":true,"href":"https:\/\/www.simmeca.com\/index.php?rest_route=%2Fwp%2Fv2%2Fcomments&post=569"}],"version-history":[{"count":3,"href":"https:\/\/www.simmeca.com\/index.php?rest_route=\/wp\/v2\/pages\/569\/revisions"}],"predecessor-version":[{"id":603,"href":"https:\/\/www.simmeca.com\/index.php?rest_route=\/wp\/v2\/pages\/569\/revisions\/603"}],"wp:attachment":[{"href":"https:\/\/www.simmeca.com\/index.php?rest_route=%2Fwp%2Fv2%2Fmedia&parent=569"}],"curies":[{"name":"wp","href":"https:\/\/api.w.org\/{rel}","templated":true}]}}