{"id":381,"date":"2022-09-06T10:25:32","date_gmt":"2022-09-06T07:25:32","guid":{"rendered":"https:\/\/wp.gumush.com.tr\/?page_id=381"},"modified":"2022-09-08T10:45:28","modified_gmt":"2022-09-08T07:45:28","slug":"danismanlik","status":"publish","type":"page","link":"https:\/\/www.simmeca.com\/?page_id=381","title":{"rendered":"Dan\u0131\u015fmanl\u0131k"},"content":{"rendered":"\n<p>Simmeca&#8217;n\u0131n alan\u0131nda uzman ara\u015ft\u0131rma personelleri, \u00e7e\u015fitli alanlarda dan\u0131\u015fmanl\u0131k hizmetleri sunmaktad\u0131r.<\/p>\n\n\n\n<ul class=\"wp-block-list\"><li>Fiziksel ve say\u0131sal modelleme<\/li><li>Geometri ve a\u011f olu\u015fturma<\/li><li>M\u00fc\u015fteri tasar\u0131m\u0131 ve operasyonlar\u0131nda iyile\u015ftirme<\/li><li>Proje \u00e7\u0131kt\u0131lar\u0131na ili\u015fkin yard\u0131m<\/li><li>Di\u011fer \u00e7\u00f6z\u00fcc\u00fcler ile modellenemeyen zorlu problemler i\u00e7in g\u00fc\u00e7l\u00fc \u00e7\u00f6z\u00fcc\u00fc sa\u011flama<\/li><li>Kurumsal CFD kullan\u0131c\u0131lar\u0131 i\u00e7in hesaplama ve modelleme deste\u011fi sa\u011flama<\/li><li>Elde edilen veriler i\u00e7in g\u00f6rselle\u015ftirme deste\u011fi<\/li><\/ul>\n\n\n\n<figure class=\"wp-block-gallery has-nested-images columns-default is-cropped wp-block-gallery-1 is-layout-flex wp-block-gallery-is-layout-flex\">\n<figure class=\"wp-block-image size-large\"><img loading=\"lazy\" decoding=\"async\" width=\"1000\" height=\"600\" data-id=\"382\" src=\"https:\/\/wp.gumush.com.tr\/wp-content\/uploads\/2022\/09\/105-Consulting_1.png\" alt=\"\" class=\"wp-image-382\" srcset=\"https:\/\/www.simmeca.com\/wp-content\/uploads\/2022\/09\/105-Consulting_1.png 1000w, https:\/\/www.simmeca.com\/wp-content\/uploads\/2022\/09\/105-Consulting_1-300x180.png 300w, https:\/\/www.simmeca.com\/wp-content\/uploads\/2022\/09\/105-Consulting_1-768x461.png 768w\" sizes=\"auto, (max-width: 1000px) 100vw, 1000px\" \/><\/figure>\n\n\n\n<figure class=\"wp-block-image size-large\"><img loading=\"lazy\" decoding=\"async\" width=\"1000\" height=\"600\" data-id=\"384\" src=\"https:\/\/wp.gumush.com.tr\/wp-content\/uploads\/2022\/09\/106-Consulting_3.png\" alt=\"\" class=\"wp-image-384\" srcset=\"https:\/\/www.simmeca.com\/wp-content\/uploads\/2022\/09\/106-Consulting_3.png 1000w, https:\/\/www.simmeca.com\/wp-content\/uploads\/2022\/09\/106-Consulting_3-300x180.png 300w, https:\/\/www.simmeca.com\/wp-content\/uploads\/2022\/09\/106-Consulting_3-768x461.png 768w\" sizes=\"auto, (max-width: 1000px) 100vw, 1000px\" \/><\/figure>\n\n\n\n<figure class=\"wp-block-image size-large\"><img loading=\"lazy\" decoding=\"async\" width=\"1000\" height=\"600\" data-id=\"383\" src=\"https:\/\/wp.gumush.com.tr\/wp-content\/uploads\/2022\/09\/107-Consulting_2.png\" alt=\"\" class=\"wp-image-383\" srcset=\"https:\/\/www.simmeca.com\/wp-content\/uploads\/2022\/09\/107-Consulting_2.png 1000w, https:\/\/www.simmeca.com\/wp-content\/uploads\/2022\/09\/107-Consulting_2-300x180.png 300w, https:\/\/www.simmeca.com\/wp-content\/uploads\/2022\/09\/107-Consulting_2-768x461.png 768w\" sizes=\"auto, (max-width: 1000px) 100vw, 1000px\" \/><\/figure>\n<\/figure>\n\n\n\n<div style=\"height:22px\" aria-hidden=\"true\" class=\"wp-block-spacer\"><\/div>\n\n\n\n<div class=\"wp-block-buttons is-content-justification-center is-layout-flex wp-container-core-buttons-is-layout-16018d1d wp-block-buttons-is-layout-flex\">\n<div class=\"wp-block-button\"><a class=\"wp-block-button__link\" href=\"https:\/\/wp.gumush.com.tr\/?pagename=contact\">Bize ula\u015f\u0131n<\/a><\/div>\n<\/div>\n","protected":false},"excerpt":{"rendered":"<p>Simmeca&#8217;n\u0131n alan\u0131nda uzman ara\u015ft\u0131rma personelleri, \u00e7e\u015fitli alanlarda dan\u0131\u015fmanl\u0131k hizmetleri sunmaktad\u0131r. Fiziksel ve say\u0131sal modelleme Geometri ve a\u011f olu\u015fturma M\u00fc\u015fteri tasar\u0131m\u0131 ve operasyonlar\u0131nda iyile\u015ftirme Proje \u00e7\u0131kt\u0131lar\u0131na ili\u015fkin yard\u0131m Di\u011fer \u00e7\u00f6z\u00fcc\u00fcler ile modellenemeyen zorlu problemler i\u00e7in g\u00fc\u00e7l\u00fc \u00e7\u00f6z\u00fcc\u00fc sa\u011flama Kurumsal CFD kullan\u0131c\u0131lar\u0131 i\u00e7in hesaplama ve modelleme deste\u011fi sa\u011flama Elde edilen veriler i\u00e7in g\u00f6rselle\u015ftirme deste\u011fi<\/p>\n","protected":false},"author":1,"featured_media":387,"parent":0,"menu_order":0,"comment_status":"closed","ping_status":"closed","template":"","meta":{"inline_featured_image":false,"neve_meta_sidebar":"","neve_meta_container":"","neve_meta_enable_content_width":"","neve_meta_content_width":0,"neve_meta_title_alignment":"","neve_meta_author_avatar":"","neve_post_elements_order":"","neve_meta_disable_header":"","neve_meta_disable_footer":"","neve_meta_disable_title":"","_themeisle_gutenberg_block_has_review":false,"_ti_tpc_template_sync":false,"_ti_tpc_template_id":"","footnotes":""},"class_list":["post-381","page","type-page","status-publish","has-post-thumbnail","hentry"],"_links":{"self":[{"href":"https:\/\/www.simmeca.com\/index.php?rest_route=\/wp\/v2\/pages\/381","targetHints":{"allow":["GET"]}}],"collection":[{"href":"https:\/\/www.simmeca.com\/index.php?rest_route=\/wp\/v2\/pages"}],"about":[{"href":"https:\/\/www.simmeca.com\/index.php?rest_route=\/wp\/v2\/types\/page"}],"author":[{"embeddable":true,"href":"https:\/\/www.simmeca.com\/index.php?rest_route=\/wp\/v2\/users\/1"}],"replies":[{"embeddable":true,"href":"https:\/\/www.simmeca.com\/index.php?rest_route=%2Fwp%2Fv2%2Fcomments&post=381"}],"version-history":[{"count":2,"href":"https:\/\/www.simmeca.com\/index.php?rest_route=\/wp\/v2\/pages\/381\/revisions"}],"predecessor-version":[{"id":386,"href":"https:\/\/www.simmeca.com\/index.php?rest_route=\/wp\/v2\/pages\/381\/revisions\/386"}],"wp:featuredmedia":[{"embeddable":true,"href":"https:\/\/www.simmeca.com\/index.php?rest_route=\/wp\/v2\/media\/387"}],"wp:attachment":[{"href":"https:\/\/www.simmeca.com\/index.php?rest_route=%2Fwp%2Fv2%2Fmedia&parent=381"}],"curies":[{"name":"wp","href":"https:\/\/api.w.org\/{rel}","templated":true}]}}