{"id":310,"date":"2022-06-24T14:29:05","date_gmt":"2022-06-24T11:29:05","guid":{"rendered":"https:\/\/wp.gumush.com.tr\/?page_id=310"},"modified":"2022-07-20T17:04:09","modified_gmt":"2022-07-20T14:04:09","slug":"metafsi","status":"publish","type":"page","link":"https:\/\/www.simmeca.com\/?page_id=310","title":{"rendered":"MetaFSI"},"content":{"rendered":"\n<figure class=\"wp-block-embed is-type-video is-provider-youtube wp-block-embed-youtube wp-embed-aspect-16-9 wp-has-aspect-ratio\"><div class=\"wp-block-embed__wrapper\">\n<div class=\"nv-iframe-embed\"><iframe loading=\"lazy\" title=\"IMetaFSI Product Presentation\" width=\"1200\" height=\"675\" src=\"https:\/\/www.youtube.com\/embed\/61V1_L_rZuM?feature=oembed\" frameborder=\"0\" allow=\"accelerometer; autoplay; clipboard-write; encrypted-media; gyroscope; picture-in-picture\" allowfullscreen><\/iframe><\/div>\n<\/div><\/figure>\n\n\n\n<div style=\"height:40px\" aria-hidden=\"true\" class=\"wp-block-spacer\"><\/div>\n\n\n<div >\n        <div class=\" plethoraplugins-tabs-container plethoraplugins-tabs-container--horizontal plethoraplugins-theme__minimal plethoraplugins-theme__basic \" \n\t\t\tdata-plethoraplugins-layout=\"horizontal\"  \n\t\t\tdata-plethoraplugins-theme=\"basic\"  \n\t\t\tdata-plethoraplugins-mobile-breakpoint-forced=\"\"\n\t\t\t data-plethoraplugins-responsive=\"accordion\" \n\t\t\t\t\t data-plethoraplugins-responsive-accordion-collapsed-initially=\"false\" data-plethoraplugins-accordion-icon-type=\"\" data-plethoraplugins-accordion-icon=\"true\"  data-plethoraplugins-accordion-icon-size=\"\"  data-plethoraplugins-accordion-heading-level=\"h3\" data-plethoraplugins-accordion-auto-close=\"true\" >\n            <div class=\"plethoraplugins-tabs\"  >\n              <ul><li>\n                        <a \n                                href=\"#metafsi_nedir\"\n                                class=\" active\" \n                            >\n                            <span><mark style=\"background-color:rgba(0, 0, 0, 0)\" class=\"has-inline-color has-nv-c-1-color\">MetaFSI Nedir?<\/mark><\/span>\n                        <\/a>\n                    <\/li><li>\n                        <a \n                                href=\"#neden_metafsi\"\n                                class=\"\" \n                            >\n                            <span><mark style=\"background-color:rgba(0, 0, 0, 0)\" class=\"has-inline-color has-nv-c-1-color\"><strong>Neden MetaFSI<\/strong>?<\/mark><\/span>\n                        <\/a>\n                    <\/li><li>\n                        <a \n                                href=\"#zellikler\"\n                                class=\"\" \n                            >\n                            <span><mark style=\"background-color:rgba(0, 0, 0, 0)\" class=\"has-inline-color has-nv-c-1-color\">\u00d6zellikler<\/mark><\/span>\n                        <\/a>\n                    <\/li><li>\n                        <a \n                                href=\"#kabiliyetler\"\n                                class=\"\" \n                            >\n                            <span><mark style=\"background-color:rgba(0, 0, 0, 0)\" class=\"has-inline-color has-nv-c-1-color\">Kabiliyetler<\/mark><\/span>\n                        <\/a>\n                    <\/li><\/ul>\n            <\/div>\n            <div class=\"plethoraplugins-tabs--content\" >\n                \n<div class=\"\"  data-accordion-initially-open=\"false\" >\n\n<figure class=\"wp-block-image size-full\"><img loading=\"lazy\" decoding=\"async\" width=\"1000\" height=\"574\" src=\"https:\/\/wp.gumush.com.tr\/wp-content\/uploads\/2022\/06\/60-whatisMetaFSI.png\" alt=\"\" class=\"wp-image-318\" srcset=\"https:\/\/www.simmeca.com\/wp-content\/uploads\/2022\/06\/60-whatisMetaFSI.png 1000w, https:\/\/www.simmeca.com\/wp-content\/uploads\/2022\/06\/60-whatisMetaFSI-300x172.png 300w, https:\/\/www.simmeca.com\/wp-content\/uploads\/2022\/06\/60-whatisMetaFSI-768x441.png 768w\" sizes=\"auto, (max-width: 1000px) 100vw, 1000px\" \/><\/figure>\n\n\n\n<ul class=\"wp-block-list\"><li>Metacomp&#8217;un Ak\u0131\u015fkan &#8211; Yap\u0131 Etkile\u015fimi (FSI) yaz\u0131l\u0131m\u0131<\/li><li>FSI analizini ger\u00e7ekle\u015ftirmek i\u00e7in ICFD++ ve ICSM++ ile sorunsuz \u00e7al\u0131\u015fmak \u00fczere \u00f6zel olarak tasarlanm\u0131\u015ft\u0131r.<\/li><li>MSC Nastran ile \u00e7al\u0131\u015fabilir.<\/li><\/ul>\n\n<\/div>\n\n<div class=\"\"  data-accordion-initially-open=\"false\" >\n\n<ul class=\"wp-block-list\"><li>CFD++ ve CSM++ veya MSC Nastran gibi harici kodlar ile \u00e7al\u0131\u015fabilen, ak\u0131\u015fkan-yap\u0131 etkile\u015fimini entegre etmenin en kolay yolu<\/li><li>Geli\u015fmi\u015f Kullan\u0131c\u0131 Aray\u00fcz\u00fc, ICFD++ ve ICSM++ \/ Nastran aras\u0131nda y\u00fcklerin ve deformasyon bilgilerinin transferine izin verir.<\/li><li>A\u011f ge\u00e7i\u015finin h\u0131zl\u0131 kurulumu ve testi<\/li><li>Al\u0131nan CSM yer de\u011fi\u015ftirmelerine dayal\u0131 olarak CFD++ a\u011f\u0131n\u0131 bi\u00e7imlendirme \u00f6zelli\u011fi<\/li><\/ul>\n\n<\/div>\n\n<div class=\"\"  data-accordion-initially-open=\"false\" >\n\n<figure class=\"wp-block-image size-full\"><img loading=\"lazy\" decoding=\"async\" width=\"1000\" height=\"574\" src=\"https:\/\/wp.gumush.com.tr\/wp-content\/uploads\/2022\/06\/61-MetaFSIWorkflow.png\" alt=\"\" class=\"wp-image-319\" srcset=\"https:\/\/www.simmeca.com\/wp-content\/uploads\/2022\/06\/61-MetaFSIWorkflow.png 1000w, https:\/\/www.simmeca.com\/wp-content\/uploads\/2022\/06\/61-MetaFSIWorkflow-300x172.png 300w, https:\/\/www.simmeca.com\/wp-content\/uploads\/2022\/06\/61-MetaFSIWorkflow-768x441.png 768w\" sizes=\"auto, (max-width: 1000px) 100vw, 1000px\" \/><\/figure>\n\n\n\n<p><strong>Temel fonksiyonlar<\/strong><\/p>\n\n\n\n<ul class=\"wp-block-list\"><li>ICFD++ ve ICSM++\/Nastran aras\u0131nda veri aktar\u0131m\u0131<\/li><li>A\u011f ge\u00e7i\u015fini ayarlama ve test etme<\/li><li>CSM deformasyonlar\u0131na dayal\u0131 olarak ICFD++ a\u011f\u0131 bi\u00e7imlendirmesi<\/li><li>\u0130ki versiyonu mevcuttur.<\/li><\/ul>\n\n\n\n<p><strong>ICSM++ i\u00e7in yerle\u015fik MetaFSI<\/strong><\/p>\n\n\n\n<ul class=\"wp-block-list\"><li>ICSM++&#8217;da FSI se\u00e7ene\u011fi se\u00e7ildi\u011finde otomatik olarak etkinle\u015ftirilir.<\/li><li>ICSM++ AUI ortam\u0131nda yeni bir sayfa olarak g\u00f6r\u00fcn\u00fcr.<\/li><li>Kolay ve tutarl\u0131 kullan\u0131c\u0131 deneyimi ile sorunsuz bir FSI s\u00fcrecini m\u00fcmk\u00fcn k\u0131lar.<\/li><\/ul>\n\n\n\n<p><strong>MetaFSI ba\u011f\u0131ms\u0131z versiyonu<\/strong><\/p>\n\n\n\n<ul class=\"wp-block-list\"><li>MSC Nastran kullan\u0131c\u0131lar\u0131n\u0131n ICFD++ ile ba\u011flant\u0131 kurarak FSI analizini \u00e7al\u0131\u015ft\u0131rmas\u0131n\u0131 sa\u011flar.<\/li><li>Yerle\u015fik s\u00fcr\u00fcmle neredeyse ayn\u0131 yetenekler ve kurulum s\u00fcreci<\/li><\/ul>\n\n\n\n<p><strong>Geli\u015fmi\u015f Kullan\u0131c\u0131 Aray\u00fcz\u00fc<\/strong><\/p>\n\n\n\n<ul class=\"wp-block-list\"><li>Metacomp&#8217;un \u0130ntegral Hesaplamal\u0131 \u00c7oklu Fizik (ICMP) yaz\u0131l\u0131m ailesinin bir par\u00e7as\u0131<\/li><li>A\u011f olu\u015fturma, CFD, yap\u0131sal analiz ve sonu\u00e7lar\u0131n g\u00f6rselle\u015ftirilmesi i\u00e7in tek ortam<\/li><li>T\u00fcm ICMP tabanl\u0131 \u00fcr\u00fcnler aras\u0131nda tutarl\u0131 tasar\u0131m \u00f6\u011feleri ve kullan\u0131c\u0131 aray\u00fcz\u00fc<\/li><li>Sezgisel ve basit rehberli problem kurma s\u00fcreci<\/li><li>Ayn\u0131 zamanda g\u00fc\u00e7l\u00fc ve kullan\u0131c\u0131 dostu<\/li><\/ul>\n\n<\/div>\n\n<div class=\"\"  data-accordion-initially-open=\"false\" >\n\n<p><strong>A\u011f ge\u00e7i\u015fi<\/strong><\/p>\n\n\n\n<p>Islak s\u0131n\u0131rlardaki yer de\u011fi\u015ftirmeleri ICFD++ hacmine yayma<\/p>\n\n\n\n<p><strong>3B yer de\u011fi\u015ftirmeleri interpolasyonla hesaplay\u0131n:<\/strong><\/p>\n\n\n\n<ul class=\"wp-block-list\"><li>3B Radyal Temel Fonksiyon (RBF) tabanl\u0131 interpolasyon fonksiyonlar\u0131<\/li><li>K\u00fcresel deste\u011fe sahip RBF&#8217;leri kullanan g\u00fc\u00e7l\u00fc algoritma<\/li><\/ul>\n\n\n\n<p><strong>Hesaplanm\u0131\u015f interpolat\u00f6r kullanarak grid noktalar\u0131n\u0131 ta\u015f\u0131y\u0131n<\/strong><\/p>\n\n\n\n<ul class=\"wp-block-list\"><li>Aktif ge\u00e7i\u015f b\u00f6lgesini s\u0131n\u0131rlayarak hesaplama maliyetini \u00f6nemli \u00f6l\u00e7\u00fcde azalt\u0131n<\/li><li>Kullan\u0131c\u0131 tan\u0131ml\u0131 etkin ge\u00e7i\u015f b\u00f6lgesi d\u0131\u015f\u0131ndaki grid noktalar\u0131 sabit kal\u0131r<\/li><li>\u00d6r: Uzak alan b\u00f6lgelerindeki grid noktalar\u0131n\u0131n ge\u00e7i\u015fi \u00f6nemsiz olabilir<\/li><\/ul>\n\n\n\n<p><strong>Farkl\u0131 a\u011flarla \u00e7al\u0131\u015f\u0131r<\/strong><\/p>\n\n\n\n<ul class=\"wp-block-list\"><li>E\u015fle\u015fmeyen ICFD++ ve ICSM a\u011f y\u00fczeylerine izin verir<\/li><li>En yak\u0131n kom\u015fu interpolasyonu ile CSM yer de\u011fi\u015ftirmelerini veya CFD y\u00fcklerini de\u011fi\u015ftirin<\/li><li>Transfer, toplam y\u00fck\u00fc ve bas\u0131n\u00e7 merkezini korur<\/li><li>Grid\u2019ler aras\u0131ndaki s\u0131ralama derecesini g\u00f6rselle\u015ftirmek ve incelemek i\u00e7in aray\u00fcz kullan\u0131labilir.<\/li><\/ul>\n\n\n\n<p><strong>ICFD++, ICSM++ ve MSC Nastran ile uyumludur<\/strong>.<\/p>\n\n\n\n<div class=\"wp-block-columns is-layout-flex wp-container-core-columns-is-layout-9d6595d7 wp-block-columns-is-layout-flex\">\n<div class=\"wp-block-column is-layout-flow wp-block-column-is-layout-flow\" style=\"flex-basis:100%\">\n<div class=\"wp-block-columns is-layout-flex wp-container-core-columns-is-layout-9d6595d7 wp-block-columns-is-layout-flex\">\n<div class=\"wp-block-column is-layout-flow wp-block-column-is-layout-flow\" style=\"flex-basis:100%\">\n<figure class=\"wp-block-table\"><table><tbody><tr><td><strong>ICSM++<\/strong><\/td><td><strong>MSC Nastran<\/strong><\/td><\/tr><tr><td>Entegre geli\u015fmi\u015f kullan\u0131c\u0131 aray\u00fcz\u00fc (AUI)<br>ICSM++ ve ICFD++ s\u0131n\u0131rlar\u0131n\u0131 g\u00f6rselle\u015ftirme<br>Kuvvet ve moment aktar\u0131m\u0131<br>D\u00f6ner DOF kullan\u0131m\u0131<br>Yer de\u011fi\u015ftirme gev\u015femesi<br>Normal modlara dayal\u0131 e\u015fleme<\/td><td>Ba\u011f\u0131ms\u0131z AUI<br>Sadece kuvvet aktar\u0131m\u0131<br>Rotasyonlar kullan\u0131lmamaktad\u0131r.<br>Yer de\u011fi\u015ftirme gev\u015feme se\u00e7ene\u011fi yoktur.<br>Yaln\u0131zca SOL400<\/td><\/tr><\/tbody><\/table><\/figure>\n<\/div>\n<\/div>\n<\/div>\n<\/div>\n\n\n\n<p><strong>Modal analiz<\/strong><\/p>\n\n\n\n<ul class=\"wp-block-list\"><li>Her mod \u015fekli i\u00e7in bi\u00e7imlendirilmi\u015f a\u011f\u0131 \u00f6nceden hesaplar.<\/li><li>Her zaman ad\u0131m\u0131 i\u00e7in bu a\u011flar\u0131n do\u011frusal kombinasyonlar\u0131n\u0131 olu\u015fturur.<\/li><li>Zamana ba\u011fl\u0131 analizler i\u00e7in hesaplama maliyetini \u00f6nemli \u00f6l\u00e7\u00fcde azalt\u0131r.<\/li><li>CSM++&#8217;da mod analizi \u00e7al\u0131\u015ft\u0131r\u0131l\u0131rken mod otomatik olarak etkinle\u015ftirilir.<\/li><li>ICMP yakla\u015f\u0131m\u0131n\u0131n faydalar\u0131 bunlarla s\u0131n\u0131rl\u0131 de\u011fildir.<\/li><\/ul>\n\n\n\n<p><strong>Ek kabiliyetler<\/strong><\/p>\n\n\n\n<ul class=\"wp-block-list\"><li>CFD++ ve CSM++ \/ MSC Nastran&#8217;da ba\u011f\u0131ms\u0131z se\u00e7enekler<\/li><li>\u00d6rt\u00fck (alt yinelemeler) veya a\u00e7\u0131k birle\u015ftirme<\/li><li>Seri veya paralel a\u011f ge\u00e7i\u015fi<\/li><li>CFD++ ve CSM++ aras\u0131nda soket tabanl\u0131 ileti\u015fim<\/li><li>Y\u00fczeylerden hatlara y\u00fck aktar\u0131m\u0131 (\u00f6r: kanat y\u00fczeyinden kiri\u015f modeline)<\/li><\/ul>\n\n<\/div>\n\n            <\/div>\n        <\/div>\n    <\/div>\n\n\n<h2 class=\"wp-block-heading\">Do\u011frulama &#8211; Ge\u00e7erleme<\/h2>\n\n\n<div >\n        <div class=\" plethoraplugins-tabs-container plethoraplugins-tabs-container--horizontal plethoraplugins-theme__minimal plethoraplugins-theme__basic \" \n\t\t\tdata-plethoraplugins-layout=\"horizontal\"  \n\t\t\tdata-plethoraplugins-theme=\"basic\"  \n\t\t\tdata-plethoraplugins-mobile-breakpoint-forced=\"\"\n\t\t\t data-plethoraplugins-responsive=\"accordion\" \n\t\t\t\t\t data-plethoraplugins-responsive-accordion-collapsed-initially=\"false\" data-plethoraplugins-accordion-icon-type=\"\" data-plethoraplugins-accordion-icon=\"true\"  data-plethoraplugins-accordion-icon-size=\"\"  data-plethoraplugins-accordion-heading-level=\"h3\" data-plethoraplugins-accordion-auto-close=\"true\" >\n            <div class=\"plethoraplugins-tabs\"  >\n              <ul><li>\n                        <a \n                                href=\"#hirenasd\"\n                                class=\" active\" \n                            >\n                            <span><strong><mark style=\"background-color:rgba(0, 0, 0, 0)\" class=\"has-inline-color has-nv-c-1-color\">HIRENASD<\/mark><\/strong><\/span>\n                        <\/a>\n                    <\/li><li>\n                        <a \n                                href=\"#fsi_2_benchmark\"\n                                class=\"\" \n                            >\n                            <span><strong><mark style=\"background-color:rgba(0, 0, 0, 0)\" class=\"has-inline-color has-nv-c-1-color\">FSI 2 Benchmark<\/mark><\/strong><\/span>\n                        <\/a>\n                    <\/li><li>\n                        <a \n                                href=\"#ha145\"\n                                class=\"\" \n                            >\n                            <span><strong><mark style=\"background-color:rgba(0, 0, 0, 0)\" class=\"has-inline-color has-nv-c-1-color\">HA145<\/mark><\/strong><\/span>\n                        <\/a>\n                    <\/li><li>\n                        <a \n                                href=\"#lid_driven_cavity\"\n                                class=\"\" \n                            >\n                            <span><mark style=\"background-color:rgba(0, 0, 0, 0)\" class=\"has-inline-color has-nv-c-1-color\">Lid-Driven Cavity<\/mark><\/span>\n                        <\/a>\n                    <\/li><\/ul>\n            <\/div>\n            <div class=\"plethoraplugins-tabs--content\" >\n                \n<div class=\"\"  data-accordion-initially-open=\"false\" >\n\n<h3 class=\"wp-block-heading\">Geometri<\/h3>\n\n\n\n<figure class=\"wp-block-image size-full\"><img loading=\"lazy\" decoding=\"async\" width=\"1000\" height=\"373\" src=\"https:\/\/wp.gumush.com.tr\/wp-content\/uploads\/2022\/06\/62-HIRENASD_mesh.png\" alt=\"\" class=\"wp-image-324\" srcset=\"https:\/\/www.simmeca.com\/wp-content\/uploads\/2022\/06\/62-HIRENASD_mesh.png 1000w, https:\/\/www.simmeca.com\/wp-content\/uploads\/2022\/06\/62-HIRENASD_mesh-300x112.png 300w, https:\/\/www.simmeca.com\/wp-content\/uploads\/2022\/06\/62-HIRENASD_mesh-768x286.png 768w\" sizes=\"auto, (max-width: 1000px) 100vw, 1000px\" \/><\/figure>\n\n\n\n<ul class=\"wp-block-list\"><li>Genel g\u00f6vde modeline sahip 3 boyutlu aeroelastik kanat<\/li><li>Mevcut NASTRAN modelinden (AePW) CSM++&#8217;a aktar\u0131ld\u0131<\/li><li>Eleman tipleri: parabolik tetrahedronlar, nokta k\u00fctleler ve kat\u0131 elemanlar (NASTRAN RBE2s)<\/li><li>Malzeme: 18Ni maraging \u00e7elik<\/li><li>Y\u00fck: \u0130\u00e7 kuvvet \u00e7iftleri \u00fcreten eksenel kuvvetler taraf\u0131ndan 78.9 Hz&#8217;de uyarma<\/li><li>7 a\u00e7\u0131kl\u0131kl\u0131 konumda bas\u0131n\u00e7 \u00f6l\u00e7\u00fcm istasyonlar\u0131<\/li><li>\u00c7oklu ivme\u00f6l\u00e7erler<\/li><li>Kararl\u0131 Durum: M = 0.8, Re = 7 milyon, \u03b1 = 1.5o, q\/E = 0.22<\/li><li>Ge\u00e7ici: M = 0.8, Re = 7 milyon, \u03b1 = 1.5 derece, q\/E = 0.22, 78.9 Hz uyarma, ivme\u00f6l\u00e7er 15&#8217;te 2.4 mm genlik<\/li><\/ul>\n\n\n\n<h3 class=\"wp-block-heading\">Sonu\u00e7lar<\/h3>\n\n\n\n<figure class=\"wp-block-table\"><table><tbody><tr><td><strong>Mode<\/strong><\/td><td><strong>Experiment<\/strong><\/td><td><strong>CSM++<\/strong><\/td><td><strong>NASTRAN<\/strong><\/td><\/tr><tr><td><strong>1st Bending<\/strong><\/td><td>26.015<\/td><td>25.732<\/td><td>25.550<\/td><\/tr><tr><td><strong>2nd Bending<\/strong><\/td><td>78.635<\/td><td>80.588<\/td><td>80.245<\/td><\/tr><tr><td><strong>1st Lead-Lag<\/strong><\/td><td>&#8211;<\/td><td>106.991<\/td><td>106.193<\/td><\/tr><tr><td><strong>3rd Bending<\/strong><\/td><td>166.250<\/td><td>160.385<\/td><td>160.349<\/td><\/tr><tr><td><strong>4th Bending<\/strong><\/td><td>245.002<\/td><td>240.846<\/td><td>241.995<\/td><\/tr><tr><td><strong>1st Torsion<\/strong><\/td><td>265.885<\/td><td>268.391<\/td><td>271.884<\/td><\/tr><\/tbody><\/table><\/figure>\n\n\n<div class=\"wp-block-image\">\n<figure class=\"aligncenter size-large is-resized\"><img loading=\"lazy\" decoding=\"async\" src=\"https:\/\/wp.gumush.com.tr\/wp-content\/uploads\/2022\/06\/63-HIRENASD_Results-1-520x1024.png\" alt=\"\" class=\"wp-image-329\" width=\"390\" height=\"768\" srcset=\"https:\/\/www.simmeca.com\/wp-content\/uploads\/2022\/06\/63-HIRENASD_Results-1-520x1024.png 520w, https:\/\/www.simmeca.com\/wp-content\/uploads\/2022\/06\/63-HIRENASD_Results-1-152x300.png 152w, https:\/\/www.simmeca.com\/wp-content\/uploads\/2022\/06\/63-HIRENASD_Results-1-768x1513.png 768w, https:\/\/www.simmeca.com\/wp-content\/uploads\/2022\/06\/63-HIRENASD_Results-1-780x1536.png 780w, https:\/\/www.simmeca.com\/wp-content\/uploads\/2022\/06\/63-HIRENASD_Results-1.png 1000w\" sizes=\"auto, (max-width: 390px) 100vw, 390px\" \/><\/figure>\n<\/div>\n\n<div class=\"wp-block-image\">\n<figure class=\"aligncenter size-full\"><img loading=\"lazy\" decoding=\"async\" width=\"1000\" height=\"620\" src=\"https:\/\/wp.gumush.com.tr\/wp-content\/uploads\/2022\/06\/64-HIRENASD_Sol2-1.png\" alt=\"\" class=\"wp-image-330\" srcset=\"https:\/\/www.simmeca.com\/wp-content\/uploads\/2022\/06\/64-HIRENASD_Sol2-1.png 1000w, https:\/\/www.simmeca.com\/wp-content\/uploads\/2022\/06\/64-HIRENASD_Sol2-1-300x186.png 300w, https:\/\/www.simmeca.com\/wp-content\/uploads\/2022\/06\/64-HIRENASD_Sol2-1-768x476.png 768w\" sizes=\"auto, (max-width: 1000px) 100vw, 1000px\" \/><\/figure>\n<\/div>\n\n<div class=\"wp-block-image\">\n<figure class=\"aligncenter size-full\"><img loading=\"lazy\" decoding=\"async\" width=\"1000\" height=\"619\" src=\"https:\/\/wp.gumush.com.tr\/wp-content\/uploads\/2022\/06\/65-HIRENASD_Sol3-2.png\" alt=\"\" class=\"wp-image-331\" srcset=\"https:\/\/www.simmeca.com\/wp-content\/uploads\/2022\/06\/65-HIRENASD_Sol3-2.png 1000w, https:\/\/www.simmeca.com\/wp-content\/uploads\/2022\/06\/65-HIRENASD_Sol3-2-300x186.png 300w, https:\/\/www.simmeca.com\/wp-content\/uploads\/2022\/06\/65-HIRENASD_Sol3-2-768x475.png 768w\" sizes=\"auto, (max-width: 1000px) 100vw, 1000px\" \/><\/figure>\n<\/div>\n<\/div>\n\n<div class=\"\"  data-accordion-initially-open=\"false\" >\n\n<h4 class=\"wp-block-heading\"> Model hakk\u0131nda<\/h4>\n\n\n\n<ul class=\"wp-block-list\"><li>Turek ve Hron (2006) taraf\u0131ndan \u00f6nerilen 2B say\u0131sal k\u0131yaslama<\/li><li>S\u0131k\u0131\u015ft\u0131r\u0131lamaz laminer kanal ak\u0131\u015f\u0131<\/li><li>Silindir, dikey eksen boyunca merkezden biraz uzakta<\/li><li>Kar\u015f\u0131la\u015ft\u0131r\u0131lan arka kenardaki sapmalar<\/li><li>IQN yer de\u011fi\u015ftirme gev\u015femesinin kullan\u0131lmas\u0131n\u0131 gerektirir<\/li><\/ul>\n\n\n\n<h4 class=\"wp-block-heading\">Geometri ve Sonu\u00e7lar<\/h4>\n\n\n\n<figure class=\"wp-block-image size-full\"><img loading=\"lazy\" decoding=\"async\" width=\"1000\" height=\"490\" src=\"https:\/\/wp.gumush.com.tr\/wp-content\/uploads\/2022\/07\/66-FSI2Benchmark.png\" alt=\"\" class=\"wp-image-349\" srcset=\"https:\/\/www.simmeca.com\/wp-content\/uploads\/2022\/07\/66-FSI2Benchmark.png 1000w, https:\/\/www.simmeca.com\/wp-content\/uploads\/2022\/07\/66-FSI2Benchmark-300x147.png 300w, https:\/\/www.simmeca.com\/wp-content\/uploads\/2022\/07\/66-FSI2Benchmark-768x376.png 768w\" sizes=\"auto, (max-width: 1000px) 100vw, 1000px\" \/><\/figure>\n\n<\/div>\n\n<div class=\"\"  data-accordion-initially-open=\"false\" >\n\n<h4 class=\"wp-block-heading\"> Model hakk\u0131nda<\/h4>\n\n\n\n<ul class=\"wp-block-list\"><li>Ses alt\u0131 +15 derecede geri tepme kanad\u0131 &#8211; MSC Nastran \u00e7arp\u0131nt\u0131 \u00f6rne\u011fi<\/li><li>Tuovila ve McCarty (1955) taraf\u0131ndan deneysel \u00e7arp\u0131nt\u0131 sonucu: M = 0.45<\/li><li>Nastran ikili kafes y\u00f6ntemi: M = 0.455<\/li><li>ICFD++\/ICSM++\/MetaFSI:M = 0.475<\/li><li>Keskin kenarl\u0131 ses alt\u0131 kanat, daha s\u0131k bir mesh gerektirir.<\/li><\/ul>\n\n\n\n<h4 class=\"wp-block-heading\">Geometri<\/h4>\n\n\n\n<figure class=\"wp-block-image size-full\"><img loading=\"lazy\" decoding=\"async\" width=\"1000\" height=\"490\" src=\"https:\/\/wp.gumush.com.tr\/wp-content\/uploads\/2022\/07\/67-HA145Wing.png\" alt=\"\" class=\"wp-image-352\" srcset=\"https:\/\/www.simmeca.com\/wp-content\/uploads\/2022\/07\/67-HA145Wing.png 1000w, https:\/\/www.simmeca.com\/wp-content\/uploads\/2022\/07\/67-HA145Wing-300x147.png 300w, https:\/\/www.simmeca.com\/wp-content\/uploads\/2022\/07\/67-HA145Wing-768x376.png 768w\" sizes=\"auto, (max-width: 1000px) 100vw, 1000px\" \/><\/figure>\n\n\n\n<h4 class=\"wp-block-heading\">Sonu\u00e7lar<\/h4>\n\n\n\n<figure class=\"wp-block-image size-full\"><img loading=\"lazy\" decoding=\"async\" width=\"1000\" height=\"490\" src=\"https:\/\/wp.gumush.com.tr\/wp-content\/uploads\/2022\/07\/68-HA145Wing_Sol1.png\" alt=\"\" class=\"wp-image-353\" srcset=\"https:\/\/www.simmeca.com\/wp-content\/uploads\/2022\/07\/68-HA145Wing_Sol1.png 1000w, https:\/\/www.simmeca.com\/wp-content\/uploads\/2022\/07\/68-HA145Wing_Sol1-300x147.png 300w, https:\/\/www.simmeca.com\/wp-content\/uploads\/2022\/07\/68-HA145Wing_Sol1-768x376.png 768w\" sizes=\"auto, (max-width: 1000px) 100vw, 1000px\" \/><\/figure>\n\n<\/div>\n\n<div class=\"\"  data-accordion-initially-open=\"false\" >\n\n<h4 class=\"wp-block-heading\">Model hakk\u0131nda<\/h4>\n\n\n\n<ul class=\"wp-block-list\"><li>Sal\u0131n\u0131m hareketi yapan \u00fcst duvar<\/li><li>\u00c7ok esnek alt s\u0131n\u0131r<\/li><li>B\u00fcy\u00fck gerinim elemanlar\u0131 gerektirir<\/li><li>Frekanslar y\u00fcksek do\u011frulukta<\/li><li>Periyodik kararl\u0131 durum sapma de\u011ferlerinde baz\u0131 farkl\u0131l\u0131klar<\/li><\/ul>\n\n\n\n<h4 class=\"wp-block-heading\">Sonu\u00e7lar<\/h4>\n\n\n\n<figure class=\"wp-block-image size-full\"><img loading=\"lazy\" decoding=\"async\" width=\"1000\" height=\"490\" src=\"https:\/\/wp.gumush.com.tr\/wp-content\/uploads\/2022\/07\/69-LidDrivenCavity.png\" alt=\"\" class=\"wp-image-356\" srcset=\"https:\/\/www.simmeca.com\/wp-content\/uploads\/2022\/07\/69-LidDrivenCavity.png 1000w, https:\/\/www.simmeca.com\/wp-content\/uploads\/2022\/07\/69-LidDrivenCavity-300x147.png 300w, https:\/\/www.simmeca.com\/wp-content\/uploads\/2022\/07\/69-LidDrivenCavity-768x376.png 768w\" sizes=\"auto, (max-width: 1000px) 100vw, 1000px\" \/><\/figure>\n\n<\/div>\n\n            <\/div>\n        <\/div>\n    <\/div>","protected":false},"excerpt":{"rendered":"<p>Do\u011frulama &#8211; Ge\u00e7erleme<\/p>\n","protected":false},"author":1,"featured_media":85,"parent":0,"menu_order":0,"comment_status":"closed","ping_status":"closed","template":"","meta":{"inline_featured_image":false,"neve_meta_sidebar":"","neve_meta_container":"","neve_meta_enable_content_width":"","neve_meta_content_width":0,"neve_meta_title_alignment":"","neve_meta_author_avatar":"","neve_post_elements_order":"","neve_meta_disable_header":"","neve_meta_disable_footer":"","neve_meta_disable_title":"","_themeisle_gutenberg_block_has_review":false,"_ti_tpc_template_sync":false,"_ti_tpc_template_id":"","footnotes":""},"class_list":["post-310","page","type-page","status-publish","has-post-thumbnail","hentry"],"_links":{"self":[{"href":"https:\/\/www.simmeca.com\/index.php?rest_route=\/wp\/v2\/pages\/310","targetHints":{"allow":["GET"]}}],"collection":[{"href":"https:\/\/www.simmeca.com\/index.php?rest_route=\/wp\/v2\/pages"}],"about":[{"href":"https:\/\/www.simmeca.com\/index.php?rest_route=\/wp\/v2\/types\/page"}],"author":[{"embeddable":true,"href":"https:\/\/www.simmeca.com\/index.php?rest_route=\/wp\/v2\/users\/1"}],"replies":[{"embeddable":true,"href":"https:\/\/www.simmeca.com\/index.php?rest_route=%2Fwp%2Fv2%2Fcomments&post=310"}],"version-history":[{"count":10,"href":"https:\/\/www.simmeca.com\/index.php?rest_route=\/wp\/v2\/pages\/310\/revisions"}],"predecessor-version":[{"id":360,"href":"https:\/\/www.simmeca.com\/index.php?rest_route=\/wp\/v2\/pages\/310\/revisions\/360"}],"wp:featuredmedia":[{"embeddable":true,"href":"https:\/\/www.simmeca.com\/index.php?rest_route=\/wp\/v2\/media\/85"}],"wp:attachment":[{"href":"https:\/\/www.simmeca.com\/index.php?rest_route=%2Fwp%2Fv2%2Fmedia&parent=310"}],"curies":[{"name":"wp","href":"https:\/\/api.w.org\/{rel}","templated":true}]}}