{"id":233,"date":"2022-06-22T16:04:12","date_gmt":"2022-06-22T13:04:12","guid":{"rendered":"https:\/\/wp.gumush.com.tr\/?page_id=233"},"modified":"2022-06-24T14:28:08","modified_gmt":"2022-06-24T11:28:08","slug":"icsm","status":"publish","type":"page","link":"https:\/\/www.simmeca.com\/?page_id=233","title":{"rendered":"ICSM++"},"content":{"rendered":"\n<figure class=\"wp-block-embed is-type-video is-provider-youtube wp-block-embed-youtube wp-embed-aspect-16-9 wp-has-aspect-ratio\"><div class=\"wp-block-embed__wrapper\">\n<div class=\"nv-iframe-embed\"><iframe loading=\"lazy\" title=\"ICSM++ Product Presentation\" width=\"1200\" height=\"675\" src=\"https:\/\/www.youtube.com\/embed\/KU8RQ6eD7i4?feature=oembed\" frameborder=\"0\" allow=\"accelerometer; autoplay; clipboard-write; encrypted-media; gyroscope; picture-in-picture\" allowfullscreen><\/iframe><\/div>\n<\/div><\/figure>\n\n\n\n<div style=\"height:40px\" aria-hidden=\"true\" class=\"wp-block-spacer\"><\/div>\n\n\n\n<p>ICSM++, farkl\u0131 alanlarda \u00e7al\u0131\u015fan m\u00fchendis ve bilim insanlar\u0131na yeni ve \u00e7ok disiplinli bir analiz ve tasar\u0131m yetene\u011fi sunmaktad\u0131r. ICSM++; ak\u0131\u015f, akustik, yap\u0131sal mekanik ve \u0131s\u0131 transferi problemlerini i\u00e7eren \u00e7oklu fizik sim\u00fclasyonlar\u0131n\u0131 ICFD++, ICAA++ ve IMIME yaz\u0131l\u0131mlar\u0131yla sorunsuz bir \u015fekilde modellemek amac\u0131yla geli\u015ftirilen, sonlu eleman tabanl\u0131 bir yaz\u0131l\u0131m paketidir. ICSM++, Metacomp&#8217;un t\u00fcm bile\u015fenleri aras\u0131nda benzeri g\u00f6r\u00fclmemi\u015f d\u00fczeyde bir etkile\u015fim ile \u00e7al\u0131\u015farak ak\u0131\u015fkan-yap\u0131 etkile\u015fimi modelleme kabiliyetini ortaya koyuyor. ICSM++, IMIME\u2019da olu\u015fturulan \u2018mesh\u2019i i\u00e7e aktarabilmesinin yan\u0131 s\u0131ra, ticari sonlu eleman \u00e7\u00f6z\u00fcc\u00fclerinin bir\u00e7o\u011fundan mesh ve sonlu eleman modeli i\u00e7e aktarabilmektedir. Ayr\u0131ca sahip oldu\u011fu kullan\u0131c\u0131 aray\u00fcz\u00fc, ele al\u0131nan problemi h\u0131zl\u0131 ve verimli bir bi\u00e7imde modellemek ve \u00e7\u00f6zmek i\u00e7in kullan\u0131labilir.<\/p>\n\n\n<div >\n        <div class=\" plethoraplugins-tabs-container plethoraplugins-tabs-container--horizontal plethoraplugins-theme__minimal plethoraplugins-theme__basic \" \n\t\t\tdata-plethoraplugins-layout=\"horizontal\"  \n\t\t\tdata-plethoraplugins-theme=\"basic\"  \n\t\t\tdata-plethoraplugins-mobile-breakpoint-forced=\"\"\n\t\t\t data-plethoraplugins-responsive=\"accordion\" \n\t\t\t\t\t data-plethoraplugins-responsive-accordion-collapsed-initially=\"false\" data-plethoraplugins-accordion-icon-type=\"\" data-plethoraplugins-accordion-icon=\"true\"  data-plethoraplugins-accordion-icon-size=\"\"  data-plethoraplugins-accordion-heading-level=\"h3\" data-plethoraplugins-accordion-auto-close=\"true\" >\n            <div class=\"plethoraplugins-tabs\"  >\n              <ul><li>\n                        <a \n                                href=\"#icsm_nedir\"\n                                class=\" active\" \n                            >\n                            <span><mark style=\"background-color:rgba(0, 0, 0, 0)\" class=\"has-inline-color has-nv-c-1-color\">ICSM++ nedir?<\/mark><\/span>\n                        <\/a>\n                    <\/li><li>\n                        <a \n                                href=\"#neden_icsm\"\n                                class=\"\" \n                            >\n                            <span><mark style=\"background-color:rgba(0, 0, 0, 0)\" class=\"has-inline-color has-nv-c-1-color\">Neden ICSM++?<\/mark><\/span>\n                        <\/a>\n                    <\/li><li>\n                        <a \n                                href=\"#zellikler\"\n                                class=\"\" \n                            >\n                            <span><mark style=\"background-color:rgba(0, 0, 0, 0)\" class=\"has-inline-color has-nv-c-1-color\">\u00d6zellikler<\/mark><\/span>\n                        <\/a>\n                    <\/li><li>\n                        <a \n                                href=\"#teknoloji\"\n                                class=\"\" \n                            >\n                            <span><mark style=\"background-color:rgba(0, 0, 0, 0)\" class=\"has-inline-color has-nv-c-1-color\">Teknoloji<\/mark><\/span>\n                        <\/a>\n                    <\/li><li>\n                        <a \n                                href=\"#uygulamalar\"\n                                class=\"\" \n                            >\n                            <span><mark style=\"background-color:rgba(0, 0, 0, 0)\" class=\"has-inline-color has-nv-c-1-color\">Uygulamalar<\/mark><\/span>\n                        <\/a>\n                    <\/li><\/ul>\n            <\/div>\n            <div class=\"plethoraplugins-tabs--content\" >\n                \n<div class=\"\"  data-accordion-initially-open=\"false\" >\n\n<ul class=\"wp-block-list\"><li>Metacomp&#8217;un Hesaplamal\u0131 Yap\u0131sal Mekani\u011fi (CSM) ve dinamik yaz\u0131l\u0131m paketi<\/li><li>Sonlu eleman tabanl\u0131<\/li><li>\u00c7oklu fizik sim\u00fclasyonlar\u0131n\u0131 ger\u00e7ekle\u015ftirmek i\u00e7in ICFD++ ile sorunsuz \u00e7al\u0131\u015fmak \u00fczere \u00f6zel olarak tasarlanm\u0131\u015ft\u0131r.<\/li><li>Kullan\u0131c\u0131y\u0131 sim\u00fclasyon kurulumunda ak\u0131ll\u0131ca y\u00f6nlendiren Geli\u015fmi\u015f Kullan\u0131c\u0131 Aray\u00fcz\u00fc<\/li><\/ul>\n\n\n<div class=\"wp-block-image\">\n<figure class=\"aligncenter size-full\"><img loading=\"lazy\" decoding=\"async\" width=\"1000\" height=\"574\" src=\"https:\/\/wp.gumush.com.tr\/wp-content\/uploads\/2022\/06\/51-whatisicsm.png\" alt=\"\" class=\"wp-image-293\" srcset=\"https:\/\/www.simmeca.com\/wp-content\/uploads\/2022\/06\/51-whatisicsm.png 1000w, https:\/\/www.simmeca.com\/wp-content\/uploads\/2022\/06\/51-whatisicsm-300x172.png 300w, https:\/\/www.simmeca.com\/wp-content\/uploads\/2022\/06\/51-whatisicsm-768x441.png 768w\" sizes=\"auto, (max-width: 1000px) 100vw, 1000px\" \/><\/figure>\n<\/div>\n<\/div>\n\n<div class=\"\"  data-accordion-initially-open=\"false\" >\n\n<ul class=\"wp-block-list\"><li>ICSM++, ak\u0131\u015fkan-yap\u0131 etkile\u015fimlerini (FSI) modellemede yap\u0131sal ve ak\u0131\u015f \u00e7\u00f6z\u00fcc\u00fclerini kusursuz bir \u015fekilde birle\u015ftirir.<\/li><li>Kolay ve tutarl\u0131 bir kullan\u0131c\u0131 deneyimi ile kullan\u0131\u015fl\u0131 bir FSI kurulum s\u00fcrecini m\u00fcmk\u00fcn k\u0131lar.<\/li><li>Ak\u0131\u015fkan ve yap\u0131sal \u00e7\u00f6z\u00fcc\u00fcleri ve bunlar\u0131n ba\u011flant\u0131 algoritmalar\u0131n\u0131 m\u00fc\u015fteri ihtiya\u00e7lar\u0131na g\u00f6re uyarlamada kontrol ve esneklik sa\u011flar.<\/li><\/ul>\n\n<\/div>\n\n<div class=\"\"  data-accordion-initially-open=\"false\" >\n\n<p>ICSM++ ticari sonlu eleman \u00e7\u00f6z\u00fcc\u00fclerinin bir\u00e7o\u011fundan mesh ve sonlu eleman modeli i\u00e7e aktarabilmektedir. Ayr\u0131ca sahip oldu\u011fu kullan\u0131c\u0131 aray\u00fcz\u00fc, ele al\u0131nan problemi h\u0131zl\u0131 ve verimli bir bi\u00e7imde modellemek ve \u00e7\u00f6zmek i\u00e7in kullan\u0131labilir.<\/p>\n\n\n\n<h4 class=\"wp-block-heading\"><strong>Fizik<\/strong><\/h4>\n\n\n\n<ul class=\"wp-block-list\"><li>Geometrik do\u011frusal \/ do\u011frusal olmayan analizler<\/li><li>Yap\u0131sal (termal gerilmeli veya termal gerilmesiz) analiz<\/li><li>Is\u0131l analiz<\/li><li>Daimi ya da daimi olmayan analiz<\/li><li>Dahili do\u011frusal malzeme modelleri (izotropik, ortotropik, anizotropik)<\/li><\/ul>\n\n\n\n<h4 class=\"wp-block-heading\"><strong>Desteklenen Eleman T\u00fcrleri<\/strong><\/h4>\n\n\n\n<ul class=\"wp-block-list\"><li>2B: Kat\u0131lar ve kabuklar.<\/li><li>3B: Kat\u0131lar, kabuklar, membran, e\u011filmez kat\u0131, kiri\u015f, kafes yap\u0131lar\u0131.<\/li><\/ul>\n\n\n\n<h4 class=\"wp-block-heading\"><strong>A\u015fa\u011f\u0131daki eleman tipleri i\u00e7in CSM++ i\u00e7inde mesh olu\u015fturulabilir:<\/strong><\/h4>\n\n\n\n<ul class=\"wp-block-list\"><li>1B: E\u011fri boyunca (do\u011frusal veya parabolik \u00e7izgi elemanlar\u0131)<\/li><li>2B ve 3B: Do\u011frusal ve parabolik<\/li><\/ul>\n\n\n\n<h4 class=\"wp-block-heading\"><strong>Modelleme \u00f6zellikleri ve \u00e7\u00f6z\u00fcm prosed\u00fcrleri<\/strong><\/h4>\n\n\n\n<ul class=\"wp-block-list\"><li>Tekli \/ \u00e7oklu nokta k\u0131s\u0131tlamalar\u0131<\/li><li>E\u015f d\u00f6nel prosed\u00fcrleri<\/li><li>B\u00fcy\u00fck genel hareket (d\u00f6nme \/ \u00e7\u0131rpma)<\/li><li>[K] {x} = {f} \u00e7\u00f6z\u00fcm\u00fc.<\/li><li>Do\u011frudan \u00e7\u00f6z\u00fcc\u00fc ve yinelemeli \u00e7\u00f6z\u00fcc\u00fc<\/li><li>\u00d6zde\u011ferler ve \u00f6zvekt\u00f6rler<\/li><li>Do\u011frusal, do\u011frusal olmayan, daimi, daimi olmayan<\/li><\/ul>\n\n\n\n<h4 class=\"wp-block-heading\"><strong>CAD ve CAE Yaz\u0131l\u0131mlar\u0131 \u0130\u00e7in Girdi \/ \u00c7\u0131kt\u0131 Se\u00e7enekleri<\/strong><\/h4>\n\n\n\n<ul class=\"wp-block-list\"><li>3B Sistemler \/ STL Dosyas\u0131<\/li><li>SDRC \/ IDEAS Evrensel Dosyas\u0131<\/li><li>ABAQUS Girdi ve \u00c7\u0131kt\u0131 Dosyalar\u0131<\/li><li>ANSYS Girdi ve Sonu\u00e7 Dosyalar\u0131<\/li><li>CGNS Veritaban\u0131<\/li><li>LSTC \/ LS-DYNA Girdi ve Durum Dosyalar\u0131<\/li><li>NASTRAN Toplu Veri ve OUTPUT2 Dosyalar\u0131<\/li><\/ul>\n\n\n\n<h4 class=\"wp-block-heading\"><strong>Kullan\u0131c\u0131 Aray\u00fcz\u00fc<\/strong><\/h4>\n\n\n\n<ul class=\"wp-block-list\"><li>Problemi tan\u0131mlamak kolayd\u0131r.<\/li><li>Deformasyonlar\u0131, mod \u015fekillerini g\u00f6rselle\u015ftirme<\/li><li>Sonu\u00e7lardan kolayca animasyon olu\u015fturma<\/li><li>Karma\u015f\u0131k FSI sim\u00fclasyonlar\u0131nda bile problemi kolayca tan\u0131mlama<\/li><\/ul>\n\n\n\n<p>Ayr\u0131ca,<\/p>\n\n\n\n<p><strong>A\u011f d\u00f6n\u00fc\u015f\u00fcm\u00fc<\/strong><\/p>\n\n\n\n<p><strong>CFD ve Yap\u0131sal Analiz aras\u0131nda bilgi transfer yetene\u011fi<\/strong><\/p>\n\n\n\n<p><strong>\u00c7\u0131rp\u0131nma hesaplamalar\u0131<\/strong><\/p>\n\n\n\n<p><strong>D\u00f6nd\u00fcrme\/\u00e7\u0131rpma gibi b\u00fcy\u00fck genel hareketler<\/strong><\/p>\n\n\n\n<p><strong>B\u00fcy\u00fck problemler i\u00e7in paralel a\u011f ge\u00e7i\u015fi<\/strong><\/p>\n\n\n\n<p><strong>ICFD++ ile soket ileti\u015fimi<\/strong><\/p>\n\n<\/div>\n\n<div class=\"\"  data-accordion-initially-open=\"false\" >\n\n<p>Ak\u0131\u015fkan &#8211; Yap\u0131 Etkile\u015fiminin modellenmesine izin veren ICSM++\u2019da \u00e7ok disiplinli problemleri \u00e7\u00f6zmek kolayd\u0131r. Atalet y\u00fckleri, harici g\u00f6vde kuvvetleri veya d\u0131\u015f aerodinamik kuvvetler taraf\u0131ndan olu\u015fturulan y\u00fckler, g\u00f6vdenin hareketini ve\/veya deformasyonunu belirlemek i\u00e7in ICSM++ kullan\u0131larak birle\u015ftirilebilir. Hem i\u00e7 yap\u0131 hem de d\u0131\u015f ak\u0131\u015f alan\u0131 i\u00e7in mesh olu\u015fturulur. ICSM++ ve ICFD++, harici aerodinamik kuvvetlerin neden oldu\u011fu nihai deformasyonun hesaplamas\u0131nda birlikte \u00e7al\u0131\u015fabilir. Yap\u0131sal mekanik mesh\u2019i ile CFD mesh\u2019i aras\u0131ndaki ileti\u015fim MetaFSI taraf\u0131ndan otomatik olarak ger\u00e7ekle\u015ftirilir.<\/p>\n\n\n<div class=\"wp-block-image\">\n<figure class=\"aligncenter size-full\"><img loading=\"lazy\" decoding=\"async\" width=\"1000\" height=\"574\" src=\"https:\/\/wp.gumush.com.tr\/wp-content\/uploads\/2022\/06\/52-icsm_teknoloji.png\" alt=\"\" class=\"wp-image-295\" srcset=\"https:\/\/www.simmeca.com\/wp-content\/uploads\/2022\/06\/52-icsm_teknoloji.png 1000w, https:\/\/www.simmeca.com\/wp-content\/uploads\/2022\/06\/52-icsm_teknoloji-300x172.png 300w, https:\/\/www.simmeca.com\/wp-content\/uploads\/2022\/06\/52-icsm_teknoloji-768x441.png 768w\" sizes=\"auto, (max-width: 1000px) 100vw, 1000px\" \/><\/figure>\n<\/div>\n<\/div>\n\n<div class=\"\"  data-accordion-initially-open=\"false\" >\n\n<p>ICSM++ yard\u0131m\u0131yla modelleyebilece\u011finiz problemlerin baz\u0131lar\u0131n\u0131 \u00f6rneklerde g\u00f6rebilirsiniz.<\/p>\n\n\n\n<h4 class=\"wp-block-heading\">Aero-Termal FSI<\/h4>\n\n\n<div class=\"wp-block-image\">\n<figure class=\"aligncenter size-full is-resized\"><img loading=\"lazy\" decoding=\"async\" src=\"https:\/\/wp.gumush.com.tr\/wp-content\/uploads\/2022\/06\/53-icsm_uygulama_AerothermalFSI.png\" alt=\"\" class=\"wp-image-300\" width=\"500\" height=\"283\" srcset=\"https:\/\/www.simmeca.com\/wp-content\/uploads\/2022\/06\/53-icsm_uygulama_AerothermalFSI.png 1000w, https:\/\/www.simmeca.com\/wp-content\/uploads\/2022\/06\/53-icsm_uygulama_AerothermalFSI-300x170.png 300w, https:\/\/www.simmeca.com\/wp-content\/uploads\/2022\/06\/53-icsm_uygulama_AerothermalFSI-768x435.png 768w\" sizes=\"auto, (max-width: 500px) 100vw, 500px\" \/><\/figure>\n<\/div>\n\n\n<h4 class=\"wp-block-heading\">Zamana ba\u011fl\u0131 &amp; do\u011frusal olmayan FSI<\/h4>\n\n\n<div class=\"wp-block-image\">\n<figure class=\"aligncenter size-full is-resized\"><img loading=\"lazy\" decoding=\"async\" src=\"https:\/\/wp.gumush.com.tr\/wp-content\/uploads\/2022\/06\/54-icsm_uygulama_NonLinearTransitantFSI.png\" alt=\"\" class=\"wp-image-301\" width=\"500\" height=\"283\" srcset=\"https:\/\/www.simmeca.com\/wp-content\/uploads\/2022\/06\/54-icsm_uygulama_NonLinearTransitantFSI.png 1000w, https:\/\/www.simmeca.com\/wp-content\/uploads\/2022\/06\/54-icsm_uygulama_NonLinearTransitantFSI-300x170.png 300w, https:\/\/www.simmeca.com\/wp-content\/uploads\/2022\/06\/54-icsm_uygulama_NonLinearTransitantFSI-768x435.png 768w\" sizes=\"auto, (max-width: 500px) 100vw, 500px\" \/><\/figure>\n<\/div>\n\n\n<h4 class=\"wp-block-heading\">ICSM++\u2019dan OpenFSI aray\u00fcz\u00fcne d\u00f6n\u00fc\u015f\u00fcm<\/h4>\n\n\n<div class=\"wp-block-image\">\n<figure class=\"aligncenter size-large is-resized\"><img loading=\"lazy\" decoding=\"async\" src=\"https:\/\/wp.gumush.com.tr\/wp-content\/uploads\/2022\/06\/55-icsm_uygulama_openfsi_01-1024x405.png\" alt=\"\" class=\"wp-image-302\" width=\"512\" height=\"203\" srcset=\"https:\/\/www.simmeca.com\/wp-content\/uploads\/2022\/06\/55-icsm_uygulama_openfsi_01-1024x405.png 1024w, https:\/\/www.simmeca.com\/wp-content\/uploads\/2022\/06\/55-icsm_uygulama_openfsi_01-300x119.png 300w, https:\/\/www.simmeca.com\/wp-content\/uploads\/2022\/06\/55-icsm_uygulama_openfsi_01-768x304.png 768w, https:\/\/www.simmeca.com\/wp-content\/uploads\/2022\/06\/55-icsm_uygulama_openfsi_01.png 1200w\" sizes=\"auto, (max-width: 512px) 100vw, 512px\" \/><\/figure>\n<\/div>\n\n<div class=\"wp-block-image\">\n<figure class=\"aligncenter size-full is-resized\"><img loading=\"lazy\" decoding=\"async\" src=\"https:\/\/wp.gumush.com.tr\/wp-content\/uploads\/2022\/06\/56-icsm_uygulama_openfsi_02.png\" alt=\"\" class=\"wp-image-303\" width=\"500\" height=\"283\" srcset=\"https:\/\/www.simmeca.com\/wp-content\/uploads\/2022\/06\/56-icsm_uygulama_openfsi_02.png 1000w, https:\/\/www.simmeca.com\/wp-content\/uploads\/2022\/06\/56-icsm_uygulama_openfsi_02-300x170.png 300w, https:\/\/www.simmeca.com\/wp-content\/uploads\/2022\/06\/56-icsm_uygulama_openfsi_02-768x435.png 768w\" sizes=\"auto, (max-width: 500px) 100vw, 500px\" \/><\/figure>\n<\/div>\n\n\n<h4 class=\"wp-block-heading\">Aerodinamik y\u00fcklerin kanat kap\u0131s\u0131 deformasyonu<\/h4>\n\n\n<div class=\"wp-block-image\">\n<figure class=\"aligncenter size-full is-resized\"><img loading=\"lazy\" decoding=\"async\" src=\"https:\/\/wp.gumush.com.tr\/wp-content\/uploads\/2022\/06\/57-icsm_uygulama_csmpp_steady_state_fsi.png\" alt=\"\" class=\"wp-image-304\" width=\"500\" height=\"344\" srcset=\"https:\/\/www.simmeca.com\/wp-content\/uploads\/2022\/06\/57-icsm_uygulama_csmpp_steady_state_fsi.png 1000w, https:\/\/www.simmeca.com\/wp-content\/uploads\/2022\/06\/57-icsm_uygulama_csmpp_steady_state_fsi-300x206.png 300w, https:\/\/www.simmeca.com\/wp-content\/uploads\/2022\/06\/57-icsm_uygulama_csmpp_steady_state_fsi-768x528.png 768w\" sizes=\"auto, (max-width: 500px) 100vw, 500px\" \/><\/figure>\n<\/div>\n\n\n<h4 class=\"wp-block-heading\">Ses \u00fcst\u00fc kama<\/h4>\n\n\n<div class=\"wp-block-image\">\n<figure class=\"aligncenter size-full is-resized\"><img loading=\"lazy\" decoding=\"async\" src=\"https:\/\/wp.gumush.com.tr\/wp-content\/uploads\/2022\/06\/58-icsm_uygulama_csmpp_supersonic_wedge.png\" alt=\"\" class=\"wp-image-305\" width=\"500\" height=\"323\" srcset=\"https:\/\/www.simmeca.com\/wp-content\/uploads\/2022\/06\/58-icsm_uygulama_csmpp_supersonic_wedge.png 1000w, https:\/\/www.simmeca.com\/wp-content\/uploads\/2022\/06\/58-icsm_uygulama_csmpp_supersonic_wedge-300x194.png 300w, https:\/\/www.simmeca.com\/wp-content\/uploads\/2022\/06\/58-icsm_uygulama_csmpp_supersonic_wedge-768x496.png 768w\" sizes=\"auto, (max-width: 500px) 100vw, 500px\" \/><\/figure>\n<\/div>\n<\/div>\n\n            <\/div>\n        <\/div>\n    <\/div>","protected":false},"excerpt":{"rendered":"<p>ICSM++, farkl\u0131 alanlarda \u00e7al\u0131\u015fan m\u00fchendis ve bilim insanlar\u0131na yeni ve \u00e7ok disiplinli bir analiz ve tasar\u0131m yetene\u011fi sunmaktad\u0131r. ICSM++; ak\u0131\u015f, akustik, yap\u0131sal mekanik ve \u0131s\u0131 transferi problemlerini i\u00e7eren \u00e7oklu fizik sim\u00fclasyonlar\u0131n\u0131 ICFD++, ICAA++ ve IMIME yaz\u0131l\u0131mlar\u0131yla sorunsuz bir \u015fekilde modellemek amac\u0131yla geli\u015ftirilen, sonlu eleman tabanl\u0131 bir yaz\u0131l\u0131m paketidir. ICSM++, Metacomp&#8217;un t\u00fcm bile\u015fenleri aras\u0131nda benzeri g\u00f6r\u00fclmemi\u015f&hellip;&nbsp;<a href=\"https:\/\/www.simmeca.com\/?page_id=233\" class=\"\" rel=\"bookmark\">Daha fazlas\u0131n\u0131 oku &raquo;<span class=\"screen-reader-text\">ICSM++<\/span><\/a><\/p>\n","protected":false},"author":1,"featured_media":38,"parent":0,"menu_order":0,"comment_status":"closed","ping_status":"closed","template":"","meta":{"inline_featured_image":false,"neve_meta_sidebar":"","neve_meta_container":"","neve_meta_enable_content_width":"","neve_meta_content_width":0,"neve_meta_title_alignment":"","neve_meta_author_avatar":"","neve_post_elements_order":"","neve_meta_disable_header":"","neve_meta_disable_footer":"","neve_meta_disable_title":"","_themeisle_gutenberg_block_has_review":false,"_ti_tpc_template_sync":false,"_ti_tpc_template_id":"","footnotes":""},"class_list":["post-233","page","type-page","status-publish","has-post-thumbnail","hentry"],"_links":{"self":[{"href":"https:\/\/www.simmeca.com\/index.php?rest_route=\/wp\/v2\/pages\/233","targetHints":{"allow":["GET"]}}],"collection":[{"href":"https:\/\/www.simmeca.com\/index.php?rest_route=\/wp\/v2\/pages"}],"about":[{"href":"https:\/\/www.simmeca.com\/index.php?rest_route=\/wp\/v2\/types\/page"}],"author":[{"embeddable":true,"href":"https:\/\/www.simmeca.com\/index.php?rest_route=\/wp\/v2\/users\/1"}],"replies":[{"embeddable":true,"href":"https:\/\/www.simmeca.com\/index.php?rest_route=%2Fwp%2Fv2%2Fcomments&post=233"}],"version-history":[{"count":9,"href":"https:\/\/www.simmeca.com\/index.php?rest_route=\/wp\/v2\/pages\/233\/revisions"}],"predecessor-version":[{"id":309,"href":"https:\/\/www.simmeca.com\/index.php?rest_route=\/wp\/v2\/pages\/233\/revisions\/309"}],"wp:featuredmedia":[{"embeddable":true,"href":"https:\/\/www.simmeca.com\/index.php?rest_route=\/wp\/v2\/media\/38"}],"wp:attachment":[{"href":"https:\/\/www.simmeca.com\/index.php?rest_route=%2Fwp%2Fv2%2Fmedia&parent=233"}],"curies":[{"name":"wp","href":"https:\/\/api.w.org\/{rel}","templated":true}]}}